{"id":383,"date":"2021-01-23T13:53:29","date_gmt":"2021-01-23T12:53:29","guid":{"rendered":"http:\/\/buenomorenopenalistes.com\/politica-de-cookies\/"},"modified":"2021-02-18T11:35:05","modified_gmt":"2021-02-18T10:35:05","slug":"politica-de-cookies","status":"publish","type":"page","link":"https:\/\/buenomorenopenalistes.com\/es\/politica-de-cookies\/","title":{"rendered":"Pol\u00edtica de Cookies"},"content":{"rendered":"<h3>1. \u00bfQu\u00e9 son las cookies y por qu\u00e9 las utilizamos en la Web?<\/h3>\n<p>Una cookie es un archivo que se descarga en el dispositivo del usuario al acceder a determinados sitio web para almacenar y recuperar informaci\u00f3n sobre la navegaci\u00f3n que se efect\u00faa desde su equipo.<br \/>\nLas cookies permiten a esta web, entre otras cosas, almacenar y recuperar informaci\u00f3n sobre las decisiones y h\u00e1bitos del usuario. Al presente web las cookies que existen son necesarias para el funcionamiento de \u00e9sta.<br \/>\nEs importante destacar que el uso de cookies no proporciona datos personales del usuario.<\/p>\n<h3>2. \u00bfQu\u00e9 tipo de cookies existen?<\/h3>\n<p>Las cookies, en funci\u00f3n del tiempo que permanecen activadas, pueden dividirse en cookies de sesi\u00f3n o permanentes:<\/p>\n<h4>\u2022 Cookies de sesi\u00f3n y persistentes:<\/h4>\n<p>Las Cookies de sesi\u00f3n son dise\u00f1adas para recaudar y almacenar datos mientras el usuario accede a una p\u00e1gina web. Se suelen emplear para almacenar informaci\u00f3n que solamente interesa conservar para la prestaci\u00f3n del servicio solicitado por el usuario en una sola ocasi\u00f3n. En el caso de las persistentes, los datos siguen almacenados en el dispositivo durante un periodo de tiempo determinado, facilitando as\u00ed el control de las preferencias elegidas sin volver que repetir ciertos par\u00e1metros cada vez que se visita el sitio web.<\/p>\n<p>Adicionalmente, seg\u00fan la entidad que las gestione, las cookies pueden clasificarse en propias o de tercero:<\/p>\n<h4>\u2022 Cookies propias o de terceros:<\/h4>\n<p>Las Cookies propias son aquellas que se env\u00edan al equipo terminal del usuario desde un equipo o dominio gestionado por el propio editor y desde el que se presta el servicio solicitado por el usuario. En cambio, las cookies de terceros son aquellas que se env\u00edan al terminal del usuario desde un equipo o dominio que no es gestionado por el editor, sino por un otra entidad que trata los datos obtenidos a trav\u00e9s de las cookies.<\/p>\n<p>En cuanto a ello, las cookies pueden ser:<\/p>\n<h4>\u2022 Cookies t\u00e9cnicas \/ personalizaci\u00f3n \/ an\u00e1lisis \/ publicitarias:<\/h4>\n<p>Las cookies t\u00e9cnicas ser\u00edan las que permiten controlar el tr\u00e1fico y la comunicaci\u00f3n de datos; las de personalizaci\u00f3n, las que dejan a los usuarios acceder seg\u00fan algunas caracter\u00edsticas propias que se recogen (navegador, idioma, etc.). Las de an\u00e1lisis son aquellas que permiten al responsable de las mismas, el seguimiento y el tama\u00f1o del comportamiento de los usuarios de los sitios web a los que est\u00e1n vinculadas, recogen datos sobre el comportamiento de los usuarios y permiten elaborar un perfil de usuario. Finalmente, las publicitarias recogen datos sobre la gesti\u00f3n de los espacios publicitarios.<\/p>\n<h3>3. \u00bfQu\u00e9 tipo de cookies utiliza la p\u00e1gina web?<\/h3>\n<p>&nbsp;<\/p>\n<table width=\"437\">\n<thead>\n<tr>\n<td width=\"83\"><strong>Nombre<\/strong><\/td>\n<td width=\"106\"><strong>Dominio<\/strong><\/td>\n<td width=\"183\"><strong>Finalidad<\/strong><\/td>\n<td width=\"64\"><strong>Vencimiento<\/strong><\/td>\n<\/tr>\n<\/thead>\n<tbody>\n<tr>\n<td width=\"83\">DIYAppServer<\/td>\n<td width=\"106\">cdn.website-start.de<\/td>\n<td width=\"183\">Cookies relativas al servidor de hosting, informaci\u00f3n estad\u00edstica de las visitas que recibe la web.<\/td>\n<td width=\"64\">sesi\u00f3n<\/td>\n<\/tr>\n<tr>\n<td width=\"83\">DIY_SB<\/td>\n<td width=\"106\">www.buenomorenopenalistes.com<\/td>\n<td width=\"183\">Instala cuando se accede al sitio web en el navegador. Es una cookie que identifica la sesi\u00f3n, la cual se env\u00eda para cualquier otro tipo de sesi\u00f3n.&nbsp;<\/td>\n<td width=\"64\">sesi\u00f3n<\/td>\n<\/tr>\n<\/tbody>\n<\/table>\n<h3>4. \u00bfComo deshabilitar las cookies del navegador?<\/h3>\n<p>El usuario puede configurar su navegador para no aceptar el uso de cookies, en este caso la personalizaci\u00f3n de la experiencia no se aplicar\u00eda. Si se selecciona esta configuraci\u00f3n puede que no se pueda acceder a ciertas partes del sitio web, ya que puede causar una navegaci\u00f3n menos eficaz.<br \/>\nLa mayor\u00eda de navegadores actualmente permiten al usuario configurar si desean aceptar cookies y cu\u00e1les de estas. Estos par\u00e1metros normalmente se encuentran en los \u00abpar\u00e1metros\u00bb o \u00abpreferencias\u00bb del men\u00fa de su navegador.<br \/>\nInternet Explorer desde aqu\u00ed:\u00a0<a href=\"http:\/\/windows.microsoft.com\/es-es\/internet-explorer\/delete-manage-cookies#ie=ie-10\" target=\"_blank\" rel=\"noopener noreferrer\">http:\/\/windows.microsoft.com\/es-es\/internet-explorer\/delete-manage-cookies#ie=ie-10<\/a><br \/>\nGoogle Chrome desde aqu\u00ed:\u00a0<a href=\"http:\/\/support.google.com\/chrome\/bin\/answer.py?hl=es&amp;answer=95647\" target=\"_blank\" rel=\"noopener noreferrer\">http:\/\/support.google.com\/chrome\/bin\/answer.py?hl=es&amp;answer=95647<\/a><br \/>\nSafari des d\u2019aqu\u00ed:\u00a0<a href=\"https:\/\/support.apple.com\/kb\/ph17191?locale=es_ES\" target=\"_blank\" rel=\"noopener noreferrer\">https:\/\/support.apple.com\/kb\/ph17191?locale=es_ES<\/a><br \/>\nOpera desde aqu\u00ed:\u00a0<a href=\"http:\/\/help.opera.com\/Windows\/11.50\/es-ES\/cookies.html\" target=\"_blank\" rel=\"noopener noreferrer\">http:\/\/help.opera.com\/Windows\/11.50\/es-ES\/cookies.html<\/a><\/p>\n","protected":false},"excerpt":{"rendered":"<p>1. \u00bfQu\u00e9 son las cookies y por qu\u00e9 las utilizamos en la Web? Una cookie es un archivo que se [&hellip;]<\/p>\n","protected":false},"author":1,"featured_media":0,"parent":0,"menu_order":0,"comment_status":"open","ping_status":"closed","template":"","meta":[],"yoast_head":"<!-- This site is optimized with the Yoast SEO plugin v15.8 - https:\/\/yoast.com\/wordpress\/plugins\/seo\/ -->\n<meta name=\"description\" content=\"Bueno Moreno Penalistas \u00b7 Pol\u00edtica de Cookies \u00b7 Abogada Laura Bueno \u00b7 Firma especializada en Derecho Penal.\" \/>\n<meta name=\"robots\" content=\"index, follow, max-snippet:-1, max-image-preview:large, max-video-preview:-1\" \/>\n<link rel=\"canonical\" href=\"https:\/\/buenomorenopenalistes.com\/es\/politica-de-cookies\/\" \/>\n<meta property=\"og:locale\" content=\"es_ES\" \/>\n<meta property=\"og:type\" content=\"article\" \/>\n<meta property=\"og:title\" content=\"Bueno Moreno Penalistas \u00b7 Pol\u00edtica de Cookies \u00b7 Abogada Laura Bueno\" \/>\n<meta property=\"og:description\" content=\"Bueno Moreno Penalistas \u00b7 Pol\u00edtica de Cookies \u00b7 Abogada Laura Bueno \u00b7 Firma especializada en Derecho Penal.\" \/>\n<meta property=\"og:url\" content=\"https:\/\/buenomorenopenalistes.com\/es\/politica-de-cookies\/\" \/>\n<meta property=\"og:site_name\" content=\"Bueno Moreno Penalistes\" \/>\n<meta property=\"article:modified_time\" content=\"2021-02-18T10:35:05+00:00\" \/>\n<meta name=\"twitter:card\" content=\"summary_large_image\" \/>\n<meta name=\"twitter:label1\" content=\"Tiempo de lectura\">\n\t<meta name=\"twitter:data1\" content=\"3 minutos\">\n<script type=\"application\/ld+json\" class=\"yoast-schema-graph\">{\"@context\":\"https:\/\/schema.org\",\"@graph\":[{\"@type\":\"WebSite\",\"@id\":\"http:\/\/buenomorenopenalistes.com\/ca\/#website\",\"url\":\"http:\/\/buenomorenopenalistes.com\/ca\/\",\"name\":\"Bueno Moreno Penalistes\",\"description\":\"Firma especialitzada en Dret Penal profundament compromesa amb l\\u2019excel\\u00b7l\\u00e8ncia, l\\u2019esfor\\u00e7 i les persones.\",\"potentialAction\":[{\"@type\":\"SearchAction\",\"target\":\"http:\/\/buenomorenopenalistes.com\/ca\/?s={search_term_string}\",\"query-input\":\"required name=search_term_string\"}],\"inLanguage\":\"es\"},{\"@type\":\"WebPage\",\"@id\":\"https:\/\/buenomorenopenalistes.com\/es\/politica-de-cookies\/#webpage\",\"url\":\"https:\/\/buenomorenopenalistes.com\/es\/politica-de-cookies\/\",\"name\":\"Bueno Moreno Penalistas \\u00b7 Pol\\u00edtica de Cookies \\u00b7 Abogada Laura Bueno\",\"isPartOf\":{\"@id\":\"http:\/\/buenomorenopenalistes.com\/ca\/#website\"},\"datePublished\":\"2021-01-23T12:53:29+00:00\",\"dateModified\":\"2021-02-18T10:35:05+00:00\",\"description\":\"Bueno Moreno Penalistas \\u00b7 Pol\\u00edtica de Cookies \\u00b7 Abogada Laura Bueno \\u00b7 Firma especializada en Derecho Penal.\",\"breadcrumb\":{\"@id\":\"https:\/\/buenomorenopenalistes.com\/es\/politica-de-cookies\/#breadcrumb\"},\"inLanguage\":\"es\",\"potentialAction\":[{\"@type\":\"ReadAction\",\"target\":[\"https:\/\/buenomorenopenalistes.com\/es\/politica-de-cookies\/\"]}]},{\"@type\":\"BreadcrumbList\",\"@id\":\"https:\/\/buenomorenopenalistes.com\/es\/politica-de-cookies\/#breadcrumb\",\"itemListElement\":[{\"@type\":\"ListItem\",\"position\":1,\"item\":{\"@type\":\"WebPage\",\"@id\":\"https:\/\/buenomorenopenalistes.com\/es\/\",\"url\":\"https:\/\/buenomorenopenalistes.com\/es\/\",\"name\":\"Inici\"}},{\"@type\":\"ListItem\",\"position\":2,\"item\":{\"@type\":\"WebPage\",\"@id\":\"https:\/\/buenomorenopenalistes.com\/es\/politica-de-cookies\/\",\"url\":\"https:\/\/buenomorenopenalistes.com\/es\/politica-de-cookies\/\",\"name\":\"Pol\\u00edtica de Cookies\"}}]}]}<\/script>\n<!-- \/ Yoast SEO plugin. -->","_links":{"self":[{"href":"https:\/\/buenomorenopenalistes.com\/es\/wp-json\/wp\/v2\/pages\/383"}],"collection":[{"href":"https:\/\/buenomorenopenalistes.com\/es\/wp-json\/wp\/v2\/pages"}],"about":[{"href":"https:\/\/buenomorenopenalistes.com\/es\/wp-json\/wp\/v2\/types\/page"}],"author":[{"embeddable":true,"href":"https:\/\/buenomorenopenalistes.com\/es\/wp-json\/wp\/v2\/users\/1"}],"replies":[{"embeddable":true,"href":"https:\/\/buenomorenopenalistes.com\/es\/wp-json\/wp\/v2\/comments?post=383"}],"version-history":[{"count":3,"href":"https:\/\/buenomorenopenalistes.com\/es\/wp-json\/wp\/v2\/pages\/383\/revisions"}],"predecessor-version":[{"id":386,"href":"https:\/\/buenomorenopenalistes.com\/es\/wp-json\/wp\/v2\/pages\/383\/revisions\/386"}],"wp:attachment":[{"href":"https:\/\/buenomorenopenalistes.com\/es\/wp-json\/wp\/v2\/media?parent=383"}],"curies":[{"name":"wp","href":"https:\/\/api.w.org\/{rel}","templated":true}]}}