{"id":374,"date":"2021-01-23T13:45:04","date_gmt":"2021-01-23T12:45:04","guid":{"rendered":"http:\/\/buenomorenopenalistes.com\/politica-de-privacitat\/"},"modified":"2021-02-18T09:23:48","modified_gmt":"2021-02-18T08:23:48","slug":"politica-de-privacitat","status":"publish","type":"page","link":"https:\/\/buenomorenopenalistes.com\/es\/politica-de-privacitat\/","title":{"rendered":"Pol\u00edtica de Privacidad"},"content":{"rendered":"<h2>POL\u00cdTICA DE PRIVACIDAD<\/h2>\n<p>De conformidad con la <strong>Ley Org\u00e1nica 3\/2018, del 5 de diciembre, de Protecci\u00f3n de Datos Personales y Garant\u00edas de los Derechos Digitales,<\/strong>\u00a0y del Reglamento (UE) 2016\/679, de 27 de abril de 2016, relativo a la protecci\u00f3n de las personas f\u00edsicas en lo que respecta al tratamiento de datos personales ya la libre circulaci\u00f3n de estos datos,\u00a0<strong>BUENO MORENO PENALISTAS<\/strong> informa a los Usuarios que naveguen y accedan al sitio web www.buenomorenopenalistes.com sobre los tratamientos de datos personales realizados:<\/p>\n<h3>Responsable<\/h3>\n<p><strong>LAURA BUENO MORENO<\/strong><br \/>\nMuralla del Carme, 22-24, 3r 6a 08241 Manresa (Barcelona)<br \/>\nCIF: 39382034P<\/p>\n<h3>Finalidad<\/h3>\n<p>Gestionar los datos a los que la empresa accede como consecuencia de la navegaci\u00f3n, consulta y \/ o solicitud, as\u00ed como la contrataci\u00f3n de servicios a trav\u00e9s del sitio web y, en su caso enviar comunicaciones comerciales.<\/p>\n<h3>Legitimaci\u00f3n<\/h3>\n<p>Ejecuci\u00f3n de un contrato.<\/p>\n<h3>Destinatarios<\/h3>\n<p>No se ceder\u00e1n los datos a terceros, salvo obligaci\u00f3n legal.<\/p>\n<h3>Derechos<\/h3>\n<p>Acceder, rectificar y suprimir los datos, as\u00ed como los dem\u00e1s derechos regulados en el Reglamento (UE) 679\/2016 pueden ser ejercidos dirigi\u00e9ndose al siguiente domicilio: C \/Condesa Ermessenda, 8-10 3\u00ba B \u00b7 08242 Manresa (Barcelona) o la siguiente direcci\u00f3n de correo electr\u00f3nico<a href=\"mailto:laura@buenomorenopenalistes.com\">laura@buenomorenopenalistes.com<\/a><\/p>\n<h3>Conservaci\u00f3n<\/h3>\n<p>En caso de que el usuario s\u00f3lo haga una consulta sus datos no ser\u00e1n utilizados para ning\u00fan otro motivo aparte de gestionar la respuesta.<\/p>\n<p>Antes del env\u00edo de cualquier solicitud de informaci\u00f3n a trav\u00e9s del correo electr\u00f3nico de contacto de esta p\u00e1gina web, el usuario debe aceptar la pol\u00edtica de privacidad y las condiciones de uso de la misma, con el fin prestar el consentimiento expreso e informado por el tratamiento de los datos con las finalidades indicadas.<br \/>\nLos datos personales que el Usuario facilita<strong>BUENO MORENO PENALISTAS<\/strong>\u00a0deben ser actuales para que la informaci\u00f3n de los registros est\u00e9 actualiza y sin errores. El Usuario responder\u00e1 de la veracidad de los datos facilitados.<\/p>\n<h3>Menores de edad<\/h3>\n<p>Los menores de 18 a\u00f1os no pueden ceder sus datos personales a <strong> BUENO MORENO PENALISTAS<\/ strong> sin el previo consentimiento de sus padres y\/o tutores legales.<\/p>\n<p>En caso de que <strong>BUENO MORENO PENALISTAS<\/strong>\u00a0detectara que el usuario es menor de 18 a\u00f1os se reserva el derecho a solicitar una copia de su DNI o documento de identidad equivalente, o en su caso, la autorizaci\u00f3n de sus padres y\/o tutores legales, causando baja en caso de no acreditar el cumplimiento de este requisito o falta de respuesta.<\/p>\n<h3>\u00bfQu\u00e9 medidas de seguridad tiene implantada la empresa?<\/h3>\n<p><strong>BUENO MORENO PENALISTAS<\/strong> informa que tiene implantadas las medidas de seguridad de \u00edndole t\u00e9cnica y organizativas necesarias que garanticen la seguridad de los datos de car\u00e1cter personal del Usuario y eviten su alteraci\u00f3n, p\u00e9rdida, tratamiento y \/ o acceso no autorizado de acuerdo con el estado de la tecnolog\u00eda, la naturaleza de los datos almacenados y los riesgos a que est\u00e1n expuestos, ya provengan de la acci\u00f3n humana o del medio f\u00edsico o natural, de conformidad con lo previsto en la normativa vigente.<\/p>\n","protected":false},"excerpt":{"rendered":"<p>POL\u00cdTICA DE PRIVACIDAD De conformidad con la Ley Org\u00e1nica 3\/2018, del 5 de diciembre, de Protecci\u00f3n de Datos Personales y [&hellip;]<\/p>\n","protected":false},"author":1,"featured_media":0,"parent":0,"menu_order":0,"comment_status":"open","ping_status":"closed","template":"","meta":[],"yoast_head":"<!-- This site is optimized with the Yoast SEO plugin v15.8 - https:\/\/yoast.com\/wordpress\/plugins\/seo\/ -->\n<meta name=\"description\" content=\"Pol\u00edtica de Privacidad \u00b7 Bueno Moreno Penalistas \u00b7 irma especializada en Derecho Penal profundamente comprometida con la excelencia.\" \/>\n<meta name=\"robots\" content=\"index, follow, max-snippet:-1, max-image-preview:large, max-video-preview:-1\" \/>\n<link rel=\"canonical\" href=\"https:\/\/buenomorenopenalistes.com\/es\/politica-de-privacitat\/\" \/>\n<meta property=\"og:locale\" content=\"es_ES\" \/>\n<meta property=\"og:type\" content=\"article\" \/>\n<meta property=\"og:title\" content=\"Pol\u00edtica de Privacidad \u00b7 Bueno Moreno Penalistas \u00b7 Laura Bueno Moreno\" \/>\n<meta property=\"og:description\" content=\"Pol\u00edtica de Privacidad \u00b7 Bueno Moreno Penalistas \u00b7 irma especializada en Derecho Penal profundamente comprometida con la excelencia.\" \/>\n<meta property=\"og:url\" content=\"https:\/\/buenomorenopenalistes.com\/es\/politica-de-privacitat\/\" \/>\n<meta property=\"og:site_name\" content=\"Bueno Moreno Penalistes\" \/>\n<meta property=\"article:modified_time\" content=\"2021-02-18T08:23:48+00:00\" \/>\n<meta name=\"twitter:card\" content=\"summary_large_image\" \/>\n<meta name=\"twitter:label1\" content=\"Tiempo de lectura\">\n\t<meta name=\"twitter:data1\" content=\"3 minutos\">\n<script type=\"application\/ld+json\" class=\"yoast-schema-graph\">{\"@context\":\"https:\/\/schema.org\",\"@graph\":[{\"@type\":\"WebSite\",\"@id\":\"http:\/\/buenomorenopenalistes.com\/ca\/#website\",\"url\":\"http:\/\/buenomorenopenalistes.com\/ca\/\",\"name\":\"Bueno Moreno Penalistes\",\"description\":\"Firma especialitzada en Dret Penal profundament compromesa amb l\\u2019excel\\u00b7l\\u00e8ncia, l\\u2019esfor\\u00e7 i les persones.\",\"potentialAction\":[{\"@type\":\"SearchAction\",\"target\":\"http:\/\/buenomorenopenalistes.com\/ca\/?s={search_term_string}\",\"query-input\":\"required name=search_term_string\"}],\"inLanguage\":\"es\"},{\"@type\":\"WebPage\",\"@id\":\"https:\/\/buenomorenopenalistes.com\/es\/politica-de-privacitat\/#webpage\",\"url\":\"https:\/\/buenomorenopenalistes.com\/es\/politica-de-privacitat\/\",\"name\":\"Pol\\u00edtica de Privacidad \\u00b7 Bueno Moreno Penalistas \\u00b7 Laura Bueno Moreno\",\"isPartOf\":{\"@id\":\"http:\/\/buenomorenopenalistes.com\/ca\/#website\"},\"datePublished\":\"2021-01-23T12:45:04+00:00\",\"dateModified\":\"2021-02-18T08:23:48+00:00\",\"description\":\"Pol\\u00edtica de Privacidad \\u00b7 Bueno Moreno Penalistas \\u00b7 irma especializada en Derecho Penal profundamente comprometida con la excelencia.\",\"breadcrumb\":{\"@id\":\"https:\/\/buenomorenopenalistes.com\/es\/politica-de-privacitat\/#breadcrumb\"},\"inLanguage\":\"es\",\"potentialAction\":[{\"@type\":\"ReadAction\",\"target\":[\"https:\/\/buenomorenopenalistes.com\/es\/politica-de-privacitat\/\"]}]},{\"@type\":\"BreadcrumbList\",\"@id\":\"https:\/\/buenomorenopenalistes.com\/es\/politica-de-privacitat\/#breadcrumb\",\"itemListElement\":[{\"@type\":\"ListItem\",\"position\":1,\"item\":{\"@type\":\"WebPage\",\"@id\":\"https:\/\/buenomorenopenalistes.com\/es\/\",\"url\":\"https:\/\/buenomorenopenalistes.com\/es\/\",\"name\":\"Inici\"}},{\"@type\":\"ListItem\",\"position\":2,\"item\":{\"@type\":\"WebPage\",\"@id\":\"https:\/\/buenomorenopenalistes.com\/es\/politica-de-privacitat\/\",\"url\":\"https:\/\/buenomorenopenalistes.com\/es\/politica-de-privacitat\/\",\"name\":\"Pol\\u00edtica de Privacidad\"}}]}]}<\/script>\n<!-- \/ Yoast SEO plugin. -->","_links":{"self":[{"href":"https:\/\/buenomorenopenalistes.com\/es\/wp-json\/wp\/v2\/pages\/374"}],"collection":[{"href":"https:\/\/buenomorenopenalistes.com\/es\/wp-json\/wp\/v2\/pages"}],"about":[{"href":"https:\/\/buenomorenopenalistes.com\/es\/wp-json\/wp\/v2\/types\/page"}],"author":[{"embeddable":true,"href":"https:\/\/buenomorenopenalistes.com\/es\/wp-json\/wp\/v2\/users\/1"}],"replies":[{"embeddable":true,"href":"https:\/\/buenomorenopenalistes.com\/es\/wp-json\/wp\/v2\/comments?post=374"}],"version-history":[{"count":8,"href":"https:\/\/buenomorenopenalistes.com\/es\/wp-json\/wp\/v2\/pages\/374\/revisions"}],"predecessor-version":[{"id":382,"href":"https:\/\/buenomorenopenalistes.com\/es\/wp-json\/wp\/v2\/pages\/374\/revisions\/382"}],"wp:attachment":[{"href":"https:\/\/buenomorenopenalistes.com\/es\/wp-json\/wp\/v2\/media?parent=374"}],"curies":[{"name":"wp","href":"https:\/\/api.w.org\/{rel}","templated":true}]}}