{"id":367,"date":"2015-01-19T03:46:48","date_gmt":"2015-01-19T02:46:48","guid":{"rendered":"http:\/\/buenomorenopenalistes.com\/avis-legal\/"},"modified":"2021-02-18T09:12:02","modified_gmt":"2021-02-18T08:12:02","slug":"avis-legal","status":"publish","type":"page","link":"https:\/\/buenomorenopenalistes.com\/es\/avis-legal\/","title":{"rendered":"Aviso Legal"},"content":{"rendered":"<h2>\u00a0AVISO LEGAL<\/h2>\n<p>En cumplimiento de la Ley 34\/2002, de 11 de julio, de Servicios de la Sociedad de la Informaci\u00f3n y de Comercio electr\u00f3nico, se informa al Usuario que el titular de la p\u00e1gina web www.buenomorenopenalistes.com es de <strong>LAURA BUENO MORENO <\/strong> y sus datos de identificaci\u00f3n son:<br \/>\nDomicilio: Muralla del Carmen, 22-24, 3\u00ba 6\u00aa 08241 Manresa (Barcelona)<br \/>\nCIF: 39382034P<\/p>\n<h3>1. AccedEr a la p\u00e1gina web<\/h3>\n<p>El aviso legal regula el acceso y uso de los Usuarios en la p\u00e1gina web y tiene por objeto dar a conocer los productos de la entidad y permitir el acceso general de todos los usuarios de Internet.<br \/>\nEl acceso y\/o uso de la Web atribuye a quien lo realiza la condici\u00f3n de usuario y la aceptaci\u00f3n, sin reservas de ninguna clase, de todas y cada una de las presentes condiciones generales, as\u00ed como de aquellas otras particulares que, en su caso, rijan la utilizaci\u00f3n del Portal o de los servicios vinculados al mismo.<br \/>\nEl usuario debe leer atentamente el Aviso Legal y las pol\u00edticas de privacidad y de Cookies cuando se proponga utilizar la p\u00e1gina web, ya que <strong>BUENO MORENO PENALISTAS<\/strong>\u00a0se reserva la facultad de realizar, en cualquier momento y sin necesidad de pre aviso, cualquier modificaci\u00f3n o actualizaci\u00f3n de los contenidos y servicios, de las presentes disposiciones de acceso y uso y, en general, de cuantos elementos integren el dise\u00f1o y configuraci\u00f3n de la su web. Si no acepta las condiciones de acceso y uso, le rogamos se abstenga de utilizar el Web y su contenido.<\/p>\n<h3>2. Utilizaci\u00f3n de la p\u00e1gina web<\/h3>\n<p>El Usuario se compromete a hacer un uso diligente de la p\u00e1gina web, as\u00ed como de la informaci\u00f3n relativa a sus servicios y actividades, con total sujeci\u00f3n tanto a la normativa aplicable, as\u00ed como con la moral y las buenas costumbres generalmente aceptadas y el orden p\u00fablico, las condiciones de acceso y uso y cualesquiera otras condiciones establecidas en la p\u00e1gina web.<br \/>\nAdem\u00e1s, se compromete a abstenerse de utilizar cualquiera de los contenidos con fines o efectos il\u00edcitos, prohibidos en el presente texto, lesivos de los derechos e intereses de terceros, o que de cualquier forma puedan da\u00f1ar, inutilizar, sobrecargar, deteriorar o impedir la normal utilizaci\u00f3n de los contenidos, otros Usuarios o de cualquier usuario de Internet (hardware y software).<\/p>\n<h3>3. Funcionamiento de la p\u00e1gina web<\/h3>\n<p>En caso de incumplimiento de las condiciones del Aviso Legal, o las pol\u00edticas de privacidad y cookies, <strong>BUENO MORENO PENALISTAS<\/strong> se reserva el derecho a limitar, suspender y \/ o excluir el acceso a su p\u00e1gina web, adoptando cualquier medida t\u00e9cnica necesaria a su respecto. <strong>BUENO MORENO PENALISTAS <\/strong>har\u00e1 lo posible para mantener la p\u00e1gina web en buen funcionamiento, evitando errores, o bien repar\u00e1ndolos y manteniendo los contenidos actualizados. Ahora bien, <strong>BUENO MORENO PENALISTAS<\/strong>\u00a0no garantiza la disponibilidad y continuidad en el acceso a la p\u00e1gina web ni la inexistencia de errores en el contenido.<\/p>\n<h3>4. Responsabilidad<\/h3>\n<p>El Usuario es el \u00fanico responsable del uso que pueda hacerse de cualquier informaci\u00f3n o mecanismo de la p\u00e1gina web.<br \/>\n <strong>BUENO MORENO PENALISTAS<\/strong> no se har\u00e1 responsable de ning\u00fan da\u00f1o en el hardware y\/o software del Usuario que se derive del acceso y uso de la p\u00e1gina web. Asimismo, tampoco se responsabilizar\u00e1 de estos da\u00f1os y\/o perjuicios que se puedan ocasionar por el acceso y\/o uso de la informaci\u00f3n de la p\u00e1gina web, y en concreto los que se puedan producir en sistemas inform\u00e1ticos o los provocados por virus \/ o ataques inform\u00e1ticos, ca\u00eddas, interrupciones ausencia o defecto en las comunicaciones y\/o Internet.<br \/>\nEl Usuario ser\u00e1 responsable de los da\u00f1os y\/o perjuicios que <strong>BUENO MORENO PENALISTAS<\/strong> pueda sufrir como consecuencia del incumplimiento de cualquiera de los obligaciones a las que queda sometido a trav\u00e9s del presente Aviso Legal, la normativa aplicable y pol\u00edtica de Privacidad y de Cookies.<\/p>\n<h3>5. Pol\u00edtica en materia de \u201cLinks\u201d (Web enlazando y enlazada)<\/h3>\n<p><strong>\u00b7Web enlazando <\/strong><br \/>\nLos terceros que tengan la intenci\u00f3n de incluir en una p\u00e1gina web un enlace de la presente p\u00e1gina deber\u00e1n cumplir con la legislaci\u00f3n vigente y no podr\u00e1n alojar contenidos que sean inapropiados, il\u00edcitos, pornogr\u00e1ficos, violentos, etc.<\/p>\n<p>En ning\u00fan caso <strong>BUENO MORENO PENALISTAS<\/strong>\u00a0se hace responsable del contenido de la p\u00e1gina web, ni promueve, garantiza, supervisa ni recomienda los contenidos de esta.<\/p>\n<p>Si la web enlazando incumple alguno de los aspectos anteriores, estar\u00e1 obligado a suprimir el enlace de forma inmediata.<\/p>\n<p><strong>\u00b7Web enlazada<\/strong><br \/>\nEn esta p\u00e1gina web se pueden incluir enlaces de p\u00e1ginas web de terceros que permitan al Usuario acceder. Sin embargo, <strong>BUENO MORENO PENALISTAS<\/strong>\u00a0no se hace responsable del contenido de estas p\u00e1ginas web enlazadas, sino que ser\u00e1 el Usuario el encargado de aceptar y comprobar los accesos cada vez que acceda.<br \/>\nTales enlaces o menciones tienen una finalidad que no implican el apoyo, aprobaci\u00f3n, comercializaci\u00f3n o relaci\u00f3n entre la p\u00e1gina y las personas o entidades titulares de los sitios donde se encuentren.<\/p>\n<h3>6. Propiedad Intelectual e Industrial sobre los contenidos<\/h3>\n<p><strong>BUENO MORENO PENALISTAS<\/strong> o sus licenciados, son titulares de todos los derechos de propiedad intelectual sobre los contenidos de la p\u00e1gina web, entendiendo como tal todos los dise\u00f1os, bases de datos, programas de computadoras subyacentes (c\u00f3digo fuente, incluido), as\u00ed como los diferentes elementos que integran la p\u00e1gina web (textos, gr\u00e1ficos, fotograf\u00edas, v\u00eddeos, colores, etc.), estructura, orden, etc. En relaci\u00f3n a las marcas y nombres comerciales ( \u00absignos distintivos\u00bb) son titularidad de <strong>BUENO MORENO PENALISTAS<\/strong>\u00a0o los licenciados.<br \/>\nEl uso de la p\u00e1gina web por parte del Usuario no supone la cesi\u00f3n de ning\u00fan derecho de propiedad intelectual ni industrial. El Usuario tiene totalmente prohibido reproducir, copiar, distribuir, poner a disposici\u00f3n o de cualquier otra forma de comunicar p\u00fablicamente, transformar o modificar los Contenidos o los Signos distintivos, a menos que se cuente con la autorizaci\u00f3n del titular de los correspondientes derechos o ello resulte legalmente permitido.<\/p>\n<h3>7. Legislaci\u00f3n aplicable<\/h3>\n<p>El Aviso Legal se regir\u00e1 e interpretar\u00e1 de conformidad con la legislaci\u00f3n espa\u00f1ola.<br \/>\nPara la resoluci\u00f3n de cualquier conflicto que pudiera derivarse del acceso al sitio web, se someter\u00e1n a los juzgados o tribunales pertinentes de conformidad con la normativa de consumidores y usuarios.<\/p>\n<h3>8. Contacto<\/h3>\n<p>Para cualquier pregunta o comentario sobre el presente aviso legal puede ponerse en contacto con nosotros a trav\u00e9s del correo electr\u00f3nico <a href=\"mailto:laura@buenomorenopenalistes.com\">laura@buenomorenopenalistes.com<\/a><\/p>\n","protected":false},"excerpt":{"rendered":"<p>\u00a0AVISO LEGAL En cumplimiento de la Ley 34\/2002, de 11 de julio, de Servicios de la Sociedad de la Informaci\u00f3n [&hellip;]<\/p>\n","protected":false},"author":1,"featured_media":0,"parent":0,"menu_order":0,"comment_status":"open","ping_status":"closed","template":"","meta":[],"yoast_head":"<!-- This site is optimized with the Yoast SEO plugin v15.8 - https:\/\/yoast.com\/wordpress\/plugins\/seo\/ -->\n<meta name=\"description\" content=\"BUENO MORENO PENALISTAS es una firma especializada en Derecho Penal profundamente comprometida con la excelencia.\" \/>\n<meta name=\"robots\" content=\"index, follow, max-snippet:-1, max-image-preview:large, max-video-preview:-1\" \/>\n<link rel=\"canonical\" href=\"https:\/\/buenomorenopenalistes.com\/es\/avis-legal\/\" \/>\n<meta property=\"og:locale\" content=\"es_ES\" \/>\n<meta property=\"og:type\" content=\"article\" \/>\n<meta property=\"og:title\" content=\"Bueno Moreno Penalistes \u00b7 Aviso Legal \u00b7 Derecho Penal Manresa\" \/>\n<meta property=\"og:description\" content=\"BUENO MORENO PENALISTAS es una firma especializada en Derecho Penal profundamente comprometida con la excelencia.\" \/>\n<meta property=\"og:url\" content=\"https:\/\/buenomorenopenalistes.com\/es\/avis-legal\/\" \/>\n<meta property=\"og:site_name\" content=\"Bueno Moreno Penalistes\" \/>\n<meta property=\"article:modified_time\" content=\"2021-02-18T08:12:02+00:00\" \/>\n<meta name=\"twitter:card\" content=\"summary_large_image\" \/>\n<meta name=\"twitter:label1\" content=\"Tiempo de lectura\">\n\t<meta name=\"twitter:data1\" content=\"6 minutos\">\n<script type=\"application\/ld+json\" class=\"yoast-schema-graph\">{\"@context\":\"https:\/\/schema.org\",\"@graph\":[{\"@type\":\"WebSite\",\"@id\":\"http:\/\/buenomorenopenalistes.com\/ca\/#website\",\"url\":\"http:\/\/buenomorenopenalistes.com\/ca\/\",\"name\":\"Bueno Moreno Penalistes\",\"description\":\"Firma especialitzada en Dret Penal profundament compromesa amb l\\u2019excel\\u00b7l\\u00e8ncia, l\\u2019esfor\\u00e7 i les persones.\",\"potentialAction\":[{\"@type\":\"SearchAction\",\"target\":\"http:\/\/buenomorenopenalistes.com\/ca\/?s={search_term_string}\",\"query-input\":\"required name=search_term_string\"}],\"inLanguage\":\"es\"},{\"@type\":\"WebPage\",\"@id\":\"https:\/\/buenomorenopenalistes.com\/es\/avis-legal\/#webpage\",\"url\":\"https:\/\/buenomorenopenalistes.com\/es\/avis-legal\/\",\"name\":\"Bueno Moreno Penalistes \\u00b7 Aviso Legal \\u00b7 Derecho Penal Manresa\",\"isPartOf\":{\"@id\":\"http:\/\/buenomorenopenalistes.com\/ca\/#website\"},\"datePublished\":\"2015-01-19T02:46:48+00:00\",\"dateModified\":\"2021-02-18T08:12:02+00:00\",\"description\":\"BUENO MORENO PENALISTAS es una firma especializada en Derecho Penal profundamente comprometida con la excelencia.\",\"breadcrumb\":{\"@id\":\"https:\/\/buenomorenopenalistes.com\/es\/avis-legal\/#breadcrumb\"},\"inLanguage\":\"es\",\"potentialAction\":[{\"@type\":\"ReadAction\",\"target\":[\"https:\/\/buenomorenopenalistes.com\/es\/avis-legal\/\"]}]},{\"@type\":\"BreadcrumbList\",\"@id\":\"https:\/\/buenomorenopenalistes.com\/es\/avis-legal\/#breadcrumb\",\"itemListElement\":[{\"@type\":\"ListItem\",\"position\":1,\"item\":{\"@type\":\"WebPage\",\"@id\":\"https:\/\/buenomorenopenalistes.com\/es\/\",\"url\":\"https:\/\/buenomorenopenalistes.com\/es\/\",\"name\":\"Inici\"}},{\"@type\":\"ListItem\",\"position\":2,\"item\":{\"@type\":\"WebPage\",\"@id\":\"https:\/\/buenomorenopenalistes.com\/es\/avis-legal\/\",\"url\":\"https:\/\/buenomorenopenalistes.com\/es\/avis-legal\/\",\"name\":\"Aviso Legal\"}}]}]}<\/script>\n<!-- \/ Yoast SEO plugin. -->","_links":{"self":[{"href":"https:\/\/buenomorenopenalistes.com\/es\/wp-json\/wp\/v2\/pages\/367"}],"collection":[{"href":"https:\/\/buenomorenopenalistes.com\/es\/wp-json\/wp\/v2\/pages"}],"about":[{"href":"https:\/\/buenomorenopenalistes.com\/es\/wp-json\/wp\/v2\/types\/page"}],"author":[{"embeddable":true,"href":"https:\/\/buenomorenopenalistes.com\/es\/wp-json\/wp\/v2\/users\/1"}],"replies":[{"embeddable":true,"href":"https:\/\/buenomorenopenalistes.com\/es\/wp-json\/wp\/v2\/comments?post=367"}],"version-history":[{"count":5,"href":"https:\/\/buenomorenopenalistes.com\/es\/wp-json\/wp\/v2\/pages\/367\/revisions"}],"predecessor-version":[{"id":372,"href":"https:\/\/buenomorenopenalistes.com\/es\/wp-json\/wp\/v2\/pages\/367\/revisions\/372"}],"wp:attachment":[{"href":"https:\/\/buenomorenopenalistes.com\/es\/wp-json\/wp\/v2\/media?parent=367"}],"curies":[{"name":"wp","href":"https:\/\/api.w.org\/{rel}","templated":true}]}}