{"id":358,"date":"2015-01-20T00:40:10","date_gmt":"2015-01-19T23:40:10","guid":{"rendered":"http:\/\/buenomorenopenalistes.com\/advocat-penalista-a-manresa\/"},"modified":"2021-02-17T19:17:02","modified_gmt":"2021-02-17T18:17:02","slug":"advocat-penalista-a-manresa","status":"publish","type":"page","link":"https:\/\/buenomorenopenalistes.com\/es\/advocat-penalista-a-manresa\/","title":{"rendered":"Especialistas en Derecho Penal en Manresa"},"content":{"rendered":"<div class=\"services-wrapper services-icon cols-wrapper cols-5 pexeto-parallax\"><div class=\"services-box col\"><div class=\"img-container\"><img src=\"https:\/\/buenomorenopenalistes.com\/wp-content\/uploads\/2021\/01\/honestedat-130x130.png\" alt=\"Honestidad\"\/><\/div><div class=\"services-content\"><div class=\"sc-wraper\"><h3>Honestidad<\/h3><\/div><\/div><\/div><div class=\"services-box col\"><div class=\"img-container\"><img src=\"https:\/\/buenomorenopenalistes.com\/wp-content\/uploads\/2021\/01\/esforc-130x130.png\" alt=\"Esfuerzo\"\/><\/div><div class=\"services-content\"><div class=\"sc-wraper\"><h3>Esfuerzo<\/h3><\/div><\/div><\/div><div class=\"services-box col\"><div class=\"img-container\"><img src=\"https:\/\/buenomorenopenalistes.com\/wp-content\/uploads\/2021\/01\/passio-130x130.png\" alt=\"Pasi\u00f3n\"\/><\/div><div class=\"services-content\"><div class=\"sc-wraper\"><h3>Pasi\u00f3n<\/h3><\/div><\/div><\/div><div class=\"services-box col\"><div class=\"img-container\"><img src=\"https:\/\/buenomorenopenalistes.com\/wp-content\/uploads\/2021\/01\/dedicacio-130x130.png\" alt=\"Dedicaci\u00f3n\"\/><\/div><div class=\"services-content\"><div class=\"sc-wraper\"><h3>Dedicaci\u00f3n<\/h3><\/div><\/div><\/div><div class=\"services-box col nomargin\"><div class=\"img-container\"><img src=\"https:\/\/buenomorenopenalistes.com\/wp-content\/uploads\/2021\/01\/respecte-130x130.png\" alt=\"Respeto\"\/><\/div><div class=\"services-content\"><div class=\"sc-wraper\"><h3>Respeto<\/h3><\/div><\/div><\/div><div class=\"clear\"><\/div><\/div>\n<div class=\"section-full-width section-light2\" style=\"background-color:#fcfcfc;\" id=\"buenomorenopenalistas\"><div class=\"section-boxed\" style=\"color:#777777;\"><h2 class=\"section-title\" style=\"color:#252525;\">BUENO MORENO PENALISTAS<\/h2><h4 style=\"color:#252525;\" class=\"sub-title\">Servicio de Derecho Penal en Manresa<\/h4><\/p>\n<h5 style=\"text-align: center;\">La firma ofrece servicios de defensa penal en toda clase de asuntos de esta naturaleza ante todas las instancias jurisdiccionales penales y en todo el territorio nacional, defensa y acusaci\u00f3n tanto de personas f\u00edsicas como de personas jur\u00eddicas. Asesora extrajudicialmente en materia penal, emite dict\u00e1menes sobre viabilidad de acciones penales.<\/h5>\n<p>&nbsp;<\/p>\n<div class=\"services-wrapper services-boxed-photo cols-wrapper cols-4\"><div class=\"services-title-box col\"><h2>BUENO MORENO<\/h2><p><br \/>\n- Delitos patrimoniales (hurtos, robos, estafas, apropiaciones indebidas, etc)<br \/>\n- Levantamiento de bienes<br \/>\n- Delitos contra los derechos de los trabajadores<br \/>\n- Delitos contra la ordenaci\u00f3n del territorio, el urbanismo y el medio ambiente<br \/>\n- Delitos contra la Administraci\u00f3n p\u00fablica<br \/>\n- Delitos contra la Hacienda P\u00fablica<br \/>\n- Blanqueo de capitales<br \/>\n- Delitos contra el honor y la intimidad<br \/>\n- Delitos contra la vida, la integridad f\u00edsica y la libertad sexual (homicidio, abusos, violaciones, etc.)<br \/>\n- Delitos contra la salud p\u00fablica<br \/>\n- Imprudencias profesionales (negligencias m\u00e9dicas etc.)<br \/>\n- Propiedad intelectual e industrial<br \/>\n- Menores<br \/>\n- Penal Internacional: Extradiciones, \u00d3rdenes europeas de detenci\u00f3n y entrega<\/p><a href=\"http:\/\/www.buenomorenopenalistes.com\/es\/contacte\" class=\"read-more\">Contacta con Nosotros<span class=\"more-arrow\">&rsaquo;<\/span><\/a><\/div><div class=\"services-box col\"><div class=\"img-container\"><img src=\"https:\/\/buenomorenopenalistes.com\/wp-content\/uploads\/2021\/01\/legal-bueno-moreno.jpg\" alt=\"Sello Personal\"\/><\/div><div class=\"services-content\"><div class=\"sc-wraper\"><h3>Sello Personal<\/h3><p>Una manera personal de vivir y entender el Derecho convertido en sello personal del despacho que a su vez definen la visi\u00f3n, la misi\u00f3n y los valores de la marca.<\/p><\/div><\/div><\/div><div class=\"services-box col\"><div class=\"img-container\"><img src=\"https:\/\/buenomorenopenalistes.com\/wp-content\/uploads\/2021\/01\/acompanyament-bueno-moreno.jpg\" alt=\"Car\u00e1cter Personalista\"\/><\/div><div class=\"services-content\"><div class=\"sc-wraper\"><h3>Car\u00e1cter Personalista<\/h3><p>De la marca que se traduce en un control y gesti\u00f3n directa de los temas por parte de su directora, que los asume personalmente desde el inicio hasta su finalizaci\u00f3n.<\/p><\/div><\/div><\/div><div class=\"services-box col nomargin\"><div class=\"img-container\"><img src=\"https:\/\/buenomorenopenalistes.com\/wp-content\/uploads\/2021\/01\/personalista-bueno-moreno.jpg\" alt=\"Acompa\u00f1amiento\"\/><\/div><div class=\"services-content\"><div class=\"sc-wraper\"><h3>Acompa\u00f1amiento<\/h3><p>Al cliente durante toda la tramitaci\u00f3n de procedimiento, la comunicaci\u00f3n constante con \u00e9l y la accesibilidad para hacer m\u00e1s comprensible la vivencia de cada una de las fases del procedimiento PENAL.<\/p><\/div><\/div><\/div><div class=\"clear\"><\/div><\/div>\n<p>\n<\/div><\/div>\n<div class=\"services-wrapper services-fullbox cols-wrapper cols-2\" style=\"background-color:#415150;color:#ffffff;\"><div class=\"services-box col services-no-image\"><div class=\"services-content\"><div class=\"sc-wraper\"><h3>BUENO MORENO PENALISTAS<\/h3><p>Es un despacho monogr\u00e1fico en Derecho Penal que nace de la vocaci\u00f3n y pasi\u00f3n de su fundadora y directora, Laura Bueno Moreno por esta rama del Derecho. Una boutique legal en Derecho Penal con sede en Manresa que presta asesoramiento y defensa en todo el territorio nacional ante cualquier instancia jurisdiccional penal, tanto a personas f\u00edsicas como jur\u00eddicas. <br \/> <br \/> <a class=\"button btn-alt\" href=\"https:\/\/buenomorenopenalistes.com\/es\/contacte\/\" target=\"_self\" style=\"color:#a59861; border-color:#a59861;\">Contacta con Nosotros<\/a><\/p><\/div><\/div><\/div><div class=\"services-box col nomargin services-no-image\"><div class=\"services-content\"><div class=\"sc-wraper\"><h3><a href=\"https:\/\/buenomorenopenalistes.com\/wp-content\/uploads\/2021\/02\/curri\u0301culum_laura_bueno.pdf\" target=\"_blank\">TRAYECTORIA PROFESIONAL<\/a><\/h3><p>Despu\u00e9s de a\u00f1os de trayectoria profesional en despachos de reconocido prestigio, al lado de profesionales del m\u00e1s alto nivel en la materia, BUENO MORENO PENALISTAS es la consolidaci\u00f3n de un proyecto personal marcado por esta experiencia profesional y por la dedicaci\u00f3n, el compromiso y la b\u00fasqueda constante de la excelencia. <br \/> <br \/> <a class=\"button btn-alt\" href=\"https:\/\/buenomorenopenalistes.com\/wp-content\/uploads\/2021\/02\/curri\u0301culum_laura_bueno.pdf\" target=\"_blank\" style=\"color:#a59861; border-color:#a59861;\">Curr\u00edculum<\/a><\/p><\/div><\/div><\/div><div class=\"clear\"><\/div><\/div>\n","protected":false},"excerpt":{"rendered":"","protected":false},"author":1,"featured_media":0,"parent":0,"menu_order":0,"comment_status":"open","ping_status":"closed","template":"template-full-custom.php","meta":[],"yoast_head":"<!-- This site is optimized with the Yoast SEO plugin v15.8 - https:\/\/yoast.com\/wordpress\/plugins\/seo\/ -->\n<meta name=\"description\" content=\"Bueno Moreno Penalistas \u00b7 Especialistas en Derecho Penal en Manresa \u00b7 La firma ofrece servicios de defensa penal.\" \/>\n<meta name=\"robots\" content=\"index, follow, max-snippet:-1, max-image-preview:large, max-video-preview:-1\" \/>\n<link rel=\"canonical\" href=\"https:\/\/buenomorenopenalistes.com\/es\/advocat-penalista-a-manresa\/\" \/>\n<meta property=\"og:locale\" content=\"es_ES\" \/>\n<meta property=\"og:type\" content=\"article\" \/>\n<meta property=\"og:title\" content=\"Bueno Moreno Penalistas \u00b7 Especialistas en Derecho Penal en Manresa\" \/>\n<meta property=\"og:description\" content=\"Bueno Moreno Penalistas \u00b7 Especialistas en Derecho Penal en Manresa \u00b7 La firma ofrece servicios de defensa penal.\" \/>\n<meta property=\"og:url\" content=\"https:\/\/buenomorenopenalistes.com\/es\/advocat-penalista-a-manresa\/\" \/>\n<meta property=\"og:site_name\" content=\"Bueno Moreno Penalistes\" \/>\n<meta property=\"article:modified_time\" content=\"2021-02-17T18:17:02+00:00\" \/>\n<meta name=\"twitter:card\" content=\"summary_large_image\" \/>\n<meta name=\"twitter:label1\" content=\"Tiempo de lectura\">\n\t<meta name=\"twitter:data1\" content=\"2 minutos\">\n<script type=\"application\/ld+json\" class=\"yoast-schema-graph\">{\"@context\":\"https:\/\/schema.org\",\"@graph\":[{\"@type\":\"WebSite\",\"@id\":\"http:\/\/buenomorenopenalistes.com\/ca\/#website\",\"url\":\"http:\/\/buenomorenopenalistes.com\/ca\/\",\"name\":\"Bueno Moreno Penalistes\",\"description\":\"Firma especialitzada en Dret Penal profundament compromesa amb l\\u2019excel\\u00b7l\\u00e8ncia, l\\u2019esfor\\u00e7 i les persones.\",\"potentialAction\":[{\"@type\":\"SearchAction\",\"target\":\"http:\/\/buenomorenopenalistes.com\/ca\/?s={search_term_string}\",\"query-input\":\"required name=search_term_string\"}],\"inLanguage\":\"es\"},{\"@type\":\"WebPage\",\"@id\":\"https:\/\/buenomorenopenalistes.com\/es\/advocat-penalista-a-manresa\/#webpage\",\"url\":\"https:\/\/buenomorenopenalistes.com\/es\/advocat-penalista-a-manresa\/\",\"name\":\"Bueno Moreno Penalistas \\u00b7 Especialistas en Derecho Penal en Manresa\",\"isPartOf\":{\"@id\":\"http:\/\/buenomorenopenalistes.com\/ca\/#website\"},\"datePublished\":\"2015-01-19T23:40:10+00:00\",\"dateModified\":\"2021-02-17T18:17:02+00:00\",\"description\":\"Bueno Moreno Penalistas \\u00b7 Especialistas en Derecho Penal en Manresa \\u00b7 La firma ofrece servicios de defensa penal.\",\"breadcrumb\":{\"@id\":\"https:\/\/buenomorenopenalistes.com\/es\/advocat-penalista-a-manresa\/#breadcrumb\"},\"inLanguage\":\"es\",\"potentialAction\":[{\"@type\":\"ReadAction\",\"target\":[\"https:\/\/buenomorenopenalistes.com\/es\/advocat-penalista-a-manresa\/\"]}]},{\"@type\":\"BreadcrumbList\",\"@id\":\"https:\/\/buenomorenopenalistes.com\/es\/advocat-penalista-a-manresa\/#breadcrumb\",\"itemListElement\":[{\"@type\":\"ListItem\",\"position\":1,\"item\":{\"@type\":\"WebPage\",\"@id\":\"https:\/\/buenomorenopenalistes.com\/es\/\",\"url\":\"https:\/\/buenomorenopenalistes.com\/es\/\",\"name\":\"Inici\"}},{\"@type\":\"ListItem\",\"position\":2,\"item\":{\"@type\":\"WebPage\",\"@id\":\"https:\/\/buenomorenopenalistes.com\/es\/advocat-penalista-a-manresa\/\",\"url\":\"https:\/\/buenomorenopenalistes.com\/es\/advocat-penalista-a-manresa\/\",\"name\":\"Especialistas en Derecho Penal en Manresa\"}}]}]}<\/script>\n<!-- \/ Yoast SEO plugin. -->","_links":{"self":[{"href":"https:\/\/buenomorenopenalistes.com\/es\/wp-json\/wp\/v2\/pages\/358"}],"collection":[{"href":"https:\/\/buenomorenopenalistes.com\/es\/wp-json\/wp\/v2\/pages"}],"about":[{"href":"https:\/\/buenomorenopenalistes.com\/es\/wp-json\/wp\/v2\/types\/page"}],"author":[{"embeddable":true,"href":"https:\/\/buenomorenopenalistes.com\/es\/wp-json\/wp\/v2\/users\/1"}],"replies":[{"embeddable":true,"href":"https:\/\/buenomorenopenalistes.com\/es\/wp-json\/wp\/v2\/comments?post=358"}],"version-history":[{"count":3,"href":"https:\/\/buenomorenopenalistes.com\/es\/wp-json\/wp\/v2\/pages\/358\/revisions"}],"predecessor-version":[{"id":362,"href":"https:\/\/buenomorenopenalistes.com\/es\/wp-json\/wp\/v2\/pages\/358\/revisions\/362"}],"wp:attachment":[{"href":"https:\/\/buenomorenopenalistes.com\/es\/wp-json\/wp\/v2\/media?parent=358"}],"curies":[{"name":"wp","href":"https:\/\/api.w.org\/{rel}","templated":true}]}}