{"id":9,"date":"2015-01-20T00:40:10","date_gmt":"2015-01-19T23:40:10","guid":{"rendered":"http:\/\/pexetothemes.com\/demos\/story_demos\/business\/?page_id=9"},"modified":"2021-02-17T19:13:05","modified_gmt":"2021-02-17T18:13:05","slug":"advocat-penalista-a-manresa","status":"publish","type":"page","link":"https:\/\/buenomorenopenalistes.com\/ca\/advocat-penalista-a-manresa\/","title":{"rendered":"Especialistes en Dret Penal a Manresa"},"content":{"rendered":"<div class=\"services-wrapper services-icon cols-wrapper cols-5 pexeto-parallax\"><div class=\"services-box col\"><div class=\"img-container\"><img src=\"https:\/\/buenomorenopenalistes.com\/wp-content\/uploads\/2021\/01\/honestedat-130x130.png\" alt=\"Honestedat\"\/><\/div><div class=\"services-content\"><div class=\"sc-wraper\"><h3>Honestedat<\/h3><\/div><\/div><\/div><div class=\"services-box col\"><div class=\"img-container\"><img src=\"https:\/\/buenomorenopenalistes.com\/wp-content\/uploads\/2021\/01\/esforc-130x130.png\" alt=\"Esfor\u00e7\"\/><\/div><div class=\"services-content\"><div class=\"sc-wraper\"><h3>Esfor\u00e7<\/h3><\/div><\/div><\/div><div class=\"services-box col\"><div class=\"img-container\"><img src=\"https:\/\/buenomorenopenalistes.com\/wp-content\/uploads\/2021\/01\/passio-130x130.png\" alt=\"Passi\u00f3\"\/><\/div><div class=\"services-content\"><div class=\"sc-wraper\"><h3>Passi\u00f3<\/h3><\/div><\/div><\/div><div class=\"services-box col\"><div class=\"img-container\"><img src=\"https:\/\/buenomorenopenalistes.com\/wp-content\/uploads\/2021\/01\/dedicacio-130x130.png\" alt=\"Dedicaci\u00f3\"\/><\/div><div class=\"services-content\"><div class=\"sc-wraper\"><h3>Dedicaci\u00f3<\/h3><\/div><\/div><\/div><div class=\"services-box col nomargin\"><div class=\"img-container\"><img src=\"https:\/\/buenomorenopenalistes.com\/wp-content\/uploads\/2021\/01\/respecte-130x130.png\" alt=\"Respecte\"\/><\/div><div class=\"services-content\"><div class=\"sc-wraper\"><h3>Respecte<\/h3><\/div><\/div><\/div><div class=\"clear\"><\/div><\/div>\n<div class=\"section-full-width section-light2\" style=\"background-color:#fcfcfc;\" id=\"buenomorenopenalistes\"><div class=\"section-boxed\" style=\"color:#777777;\"><h2 class=\"section-title\" style=\"color:#252525;\">BUENO MORENO PENALISTES<\/h2><h4 style=\"color:#252525;\" class=\"sub-title\">Servei de Dret Penal a Manresa<\/h4><\/p>\n<h5 style=\"text-align: center;\">La firma ofereix serveis de defensa penal en tota classe d&#8217;assumptes d&#8217;aquesta naturalesa davant de totes les inst\u00e0ncies jurisdiccionals penals i en tot el territori nacional, defensa i acusaci\u00f3 tant de persones f\u00edsiques com de persones jur\u00eddiques. Assessora extrajudicialment en mat\u00e8ria penal, emet dict\u00e0mens sobre viabilitat d&#8217;accions penals.<\/h5>\n<p>&nbsp;<\/p>\n<div class=\"services-wrapper services-boxed-photo cols-wrapper cols-4\"><div class=\"services-title-box col\"><h2>BUENO MORENO<\/h2><p><br \/>\n- Delictes patrimonials (furts, robatoris, estafes, apropiacions indegudes, etc)<br \/>\n- Aixecament de bens<br \/>\n- Delictes contra els drets dels treballadors<br \/>\n- Delictes contra l'ordenaci\u00f3 del territori, l'urbanisme i el medi ambient.<br \/>\n- Delictes contra l'Administraci\u00f3 p\u00fablica.<br \/>\n- Delictes contra la Hisenda P\u00fablica<br \/>\n- Blanqueig de capitals<br \/>\n- Delictes contra l'honor i la intimitat<br \/>\n- Delictes contra la vida, la integritat f\u00edsica i la llibertat sexual (homicidi, abusos,  violacions, etc.).<br \/>\n- Delictes contra la salut p\u00fablica.<br \/>\n- Imprud\u00e8ncies professionals (negligencias m\u00e8diques etc.).<br \/>\n- Propietat intelectual i industrial.<br \/>\n- Menors<br \/>\n- Penal Internacional: Extradicions, Ordres europees de detenci\u00f3 i entrega<\/p><a href=\"http:\/\/www.buenomorenopenalistes.com\/contacte\" class=\"read-more\">Contacta amb Nosaltres<span class=\"more-arrow\">&rsaquo;<\/span><\/a><\/div><div class=\"services-box col\"><div class=\"img-container\"><img src=\"https:\/\/buenomorenopenalistes.com\/wp-content\/uploads\/2021\/01\/legal-bueno-moreno.jpg\" alt=\"Segell Personal\"\/><\/div><div class=\"services-content\"><div class=\"sc-wraper\"><h3>Segell Personal<\/h3><p>Una manera personal de viure i entendre el Dret convertit en segell personal del despatx que a la vegada defineixen la visi\u00f3, la missi\u00f3 i els valors de la marca.<\/p><\/div><\/div><\/div><div class=\"services-box col\"><div class=\"img-container\"><img src=\"https:\/\/buenomorenopenalistes.com\/wp-content\/uploads\/2021\/01\/acompanyament-bueno-moreno.jpg\" alt=\"Car\u00e0cter Personalista\"\/><\/div><div class=\"services-content\"><div class=\"sc-wraper\"><h3>Car\u00e0cter Personalista<\/h3><p>De la marca que es tradueix en un control i gesti\u00f3 directa dels temes per part de la seva directora, que els assumeix personalment des de l'inici fins a la seva finalitzaci\u00f3.<\/p><\/div><\/div><\/div><div class=\"services-box col nomargin\"><div class=\"img-container\"><img src=\"https:\/\/buenomorenopenalistes.com\/wp-content\/uploads\/2021\/01\/personalista-bueno-moreno.jpg\" alt=\"Acompanyament\"\/><\/div><div class=\"services-content\"><div class=\"sc-wraper\"><h3>Acompanyament<\/h3><p>Al client durant tota la tramitaci\u00f3 de procediment, la comunicaci\u00f3 constant amb ell i l'accessibilitat per fer m\u00e9s comprensible la viv\u00e8ncia de cadascuna de les fases del procediment PENAL.<\/p><\/div><\/div><\/div><div class=\"clear\"><\/div><\/div>\n<p>\n<\/div><\/div>\n<div class=\"services-wrapper services-fullbox cols-wrapper cols-2\" style=\"background-color:#415150;color:#ffffff;\"><div class=\"services-box col services-no-image\"><div class=\"services-content\"><div class=\"sc-wraper\"><h3>BUENO MORENO PENALISTES<\/h3><p>\u00c9s un despatx monogr\u00e0fic en Dret Penal que neix de la vocaci\u00f3 i passi\u00f3 de la seva fundadora i directora, Laura Bueno Moreno per aquesta branca de el Dret. Una boutique legal en Dret Penal amb seu a Manresa que presta assessorament i defensa en tot el territori nacional davant de qualsevol inst\u00e0ncia jurisdiccional penal, tant a persones f\u00edsiques com a jur\u00eddiques.  <br \/> <br \/> <a class=\"button btn-alt\" href=\"https:\/\/buenomorenopenalistes.com\/contacte\/\" target=\"_self\" style=\"color:#a59861; border-color:#a59861;\">Contacta amb Nosaltres<\/a><\/p><\/div><\/div><\/div><div class=\"services-box col nomargin services-no-image\"><div class=\"services-content\"><div class=\"sc-wraper\"><h3><a href=\"https:\/\/buenomorenopenalistes.com\/wp-content\/uploads\/2021\/02\/curri\u0301culum_laura_bueno.pdf\" target=\"_blank\">TRAJECT\u00d2RIA PROFESSIONAL<\/a><\/h3><p>Despr\u00e9s d'anys de traject\u00f2ria professional en despatxos de reconegut prestigi i a la banda de professionals del m\u00e9s alt nivell en la mat\u00e8ria, BUENO MORENO PENALISTES \u00e9s la consolidaci\u00f3 d'un projecte personal marcat per aquesta experi\u00e8ncia professional i per la dedicaci\u00f3, el comprom\u00eds i la recerca constant de l'excel\u00b7l\u00e8ncia. <br \/> <br \/> <a class=\"button btn-alt\" href=\"https:\/\/buenomorenopenalistes.com\/wp-content\/uploads\/2021\/02\/curri\u0301culum_laura_bueno.pdf\" target=\"_blank\" style=\"color:#a59861; border-color:#a59861;\">Curr\u00edculum<\/a><\/p><\/div><\/div><\/div><div class=\"clear\"><\/div><\/div>\n","protected":false},"excerpt":{"rendered":"","protected":false},"author":1,"featured_media":0,"parent":0,"menu_order":0,"comment_status":"open","ping_status":"closed","template":"template-full-custom.php","meta":[],"yoast_head":"<!-- This site is optimized with the Yoast SEO plugin v15.8 - https:\/\/yoast.com\/wordpress\/plugins\/seo\/ -->\n<meta name=\"description\" content=\"Bueno Moreno Penalistes \u00b7 Especialistes en Dret Penal a Manresa \u00b7 La firma ofereix serveis de defensa penal.\" \/>\n<meta name=\"robots\" content=\"index, follow, max-snippet:-1, max-image-preview:large, max-video-preview:-1\" \/>\n<link rel=\"canonical\" href=\"https:\/\/buenomorenopenalistes.com\/ca\/advocat-penalista-a-manresa\/\" \/>\n<meta property=\"og:locale\" content=\"ca_ES\" \/>\n<meta property=\"og:type\" content=\"article\" \/>\n<meta property=\"og:title\" content=\"Bueno Moreno Penalistes \u00b7 Especialistes en Dret Penal a Manresa\" \/>\n<meta property=\"og:description\" content=\"Bueno Moreno Penalistes \u00b7 Especialistes en Dret Penal a Manresa \u00b7 La firma ofereix serveis de defensa penal.\" \/>\n<meta property=\"og:url\" content=\"https:\/\/buenomorenopenalistes.com\/ca\/advocat-penalista-a-manresa\/\" \/>\n<meta property=\"og:site_name\" content=\"Bueno Moreno Penalistes\" \/>\n<meta property=\"article:modified_time\" content=\"2021-02-17T18:13:05+00:00\" \/>\n<meta name=\"twitter:card\" content=\"summary_large_image\" \/>\n<meta name=\"twitter:label1\" content=\"Temps estimat de lectura\">\n\t<meta name=\"twitter:data1\" content=\"2 minuts\">\n<script type=\"application\/ld+json\" class=\"yoast-schema-graph\">{\"@context\":\"https:\/\/schema.org\",\"@graph\":[{\"@type\":\"WebSite\",\"@id\":\"http:\/\/buenomorenopenalistes.com\/ca\/#website\",\"url\":\"http:\/\/buenomorenopenalistes.com\/ca\/\",\"name\":\"Bueno Moreno Penalistes\",\"description\":\"Firma especialitzada en Dret Penal profundament compromesa amb l\\u2019excel\\u00b7l\\u00e8ncia, l\\u2019esfor\\u00e7 i les persones.\",\"potentialAction\":[{\"@type\":\"SearchAction\",\"target\":\"http:\/\/buenomorenopenalistes.com\/ca\/?s={search_term_string}\",\"query-input\":\"required name=search_term_string\"}],\"inLanguage\":\"ca\"},{\"@type\":\"WebPage\",\"@id\":\"https:\/\/buenomorenopenalistes.com\/ca\/advocat-penalista-a-manresa\/#webpage\",\"url\":\"https:\/\/buenomorenopenalistes.com\/ca\/advocat-penalista-a-manresa\/\",\"name\":\"Bueno Moreno Penalistes \\u00b7 Especialistes en Dret Penal a Manresa\",\"isPartOf\":{\"@id\":\"http:\/\/buenomorenopenalistes.com\/ca\/#website\"},\"datePublished\":\"2015-01-19T23:40:10+00:00\",\"dateModified\":\"2021-02-17T18:13:05+00:00\",\"description\":\"Bueno Moreno Penalistes \\u00b7 Especialistes en Dret Penal a Manresa \\u00b7 La firma ofereix serveis de defensa penal.\",\"breadcrumb\":{\"@id\":\"https:\/\/buenomorenopenalistes.com\/ca\/advocat-penalista-a-manresa\/#breadcrumb\"},\"inLanguage\":\"ca\",\"potentialAction\":[{\"@type\":\"ReadAction\",\"target\":[\"https:\/\/buenomorenopenalistes.com\/ca\/advocat-penalista-a-manresa\/\"]}]},{\"@type\":\"BreadcrumbList\",\"@id\":\"https:\/\/buenomorenopenalistes.com\/ca\/advocat-penalista-a-manresa\/#breadcrumb\",\"itemListElement\":[{\"@type\":\"ListItem\",\"position\":1,\"item\":{\"@type\":\"WebPage\",\"@id\":\"http:\/\/buenomorenopenalistes.com\/ca\/\",\"url\":\"http:\/\/buenomorenopenalistes.com\/ca\/\",\"name\":\"Inici\"}},{\"@type\":\"ListItem\",\"position\":2,\"item\":{\"@type\":\"WebPage\",\"@id\":\"https:\/\/buenomorenopenalistes.com\/ca\/advocat-penalista-a-manresa\/\",\"url\":\"https:\/\/buenomorenopenalistes.com\/ca\/advocat-penalista-a-manresa\/\",\"name\":\"Especialistes en Dret Penal a Manresa\"}}]}]}<\/script>\n<!-- \/ Yoast SEO plugin. -->","_links":{"self":[{"href":"https:\/\/buenomorenopenalistes.com\/ca\/wp-json\/wp\/v2\/pages\/9"}],"collection":[{"href":"https:\/\/buenomorenopenalistes.com\/ca\/wp-json\/wp\/v2\/pages"}],"about":[{"href":"https:\/\/buenomorenopenalistes.com\/ca\/wp-json\/wp\/v2\/types\/page"}],"author":[{"embeddable":true,"href":"https:\/\/buenomorenopenalistes.com\/ca\/wp-json\/wp\/v2\/users\/1"}],"replies":[{"embeddable":true,"href":"https:\/\/buenomorenopenalistes.com\/ca\/wp-json\/wp\/v2\/comments?post=9"}],"version-history":[{"count":14,"href":"https:\/\/buenomorenopenalistes.com\/ca\/wp-json\/wp\/v2\/pages\/9\/revisions"}],"predecessor-version":[{"id":217,"href":"https:\/\/buenomorenopenalistes.com\/ca\/wp-json\/wp\/v2\/pages\/9\/revisions\/217"}],"wp:attachment":[{"href":"https:\/\/buenomorenopenalistes.com\/ca\/wp-json\/wp\/v2\/media?parent=9"}],"curies":[{"name":"wp","href":"https:\/\/api.w.org\/{rel}","templated":true}]}}