{"id":5,"date":"2015-01-20T00:39:24","date_gmt":"2015-01-19T23:39:24","guid":{"rendered":"http:\/\/pexetothemes.com\/demos\/story_demos\/business\/?page_id=5"},"modified":"2021-02-17T18:32:42","modified_gmt":"2021-02-17T17:32:42","slug":"inici","status":"publish","type":"page","link":"https:\/\/buenomorenopenalistes.com\/ca\/","title":{"rendered":"Inici"},"content":{"rendered":"<div class=\"section-full-width section-light2\" style=\"background-color:#f7f7f7;\" id=\"buenomorenopenalistes\"><div class=\"section-boxed\" style=\"color:#777777;\"><h2 class=\"section-title\" style=\"color:#252525;\">BUENO MORENO PENALISTES<\/h2><\/p>\n<h5 style=\"text-align: center;\">\u00c9s un despatx monogr\u00e0fic en Dret Penal que neix de la vocaci\u00f3 i passi\u00f3 de la seva fundadora i directora, Laura Bueno Moreno per aquesta branca del Dret. Una boutique legal en Dret Penal amb seu a Manresa que presta assessorament i defensa en tot el territori nacional davant de qualsevol inst\u00e0ncia jurisdiccional penal, tant a persones f\u00edsiques com a jur\u00eddiques.<\/h5>\n<h5><\/h5>\n<div class=\"services-wrapper services-icon cols-wrapper cols-3 pexeto-parallax\"><div class=\"services-box col\"><a href=\"https:\/\/buenomorenopenalistes.com\/advocat-penalista-a-manresa\/\"><div class=\"img-container\"><img src=\"https:\/\/buenomorenopenalistes.com\/wp-content\/uploads\/2021\/01\/penal-130x130.png\" alt=\"DRET PENAL\"\/><\/div><\/a><div class=\"services-content\"><div class=\"sc-wraper\"><h3><a href=\"https:\/\/buenomorenopenalistes.com\/advocat-penalista-a-manresa\/\">DRET PENAL<\/a><\/h3><p>La firma ofereix serveis de defensa penal en tota classe d'assumptes d'aquesta naturalesa.<\/p><\/div><\/div><\/div><div class=\"services-box col\"><a href=\"https:\/\/buenomorenopenalistes.com\/advocat-penal-a-manresa\/\"><div class=\"img-container\"><img src=\"https:\/\/buenomorenopenalistes.com\/wp-content\/uploads\/2021\/01\/compilance-130x130.png\" alt=\"COMPLIANCE\"\/><\/div><\/a><div class=\"services-content\"><div class=\"sc-wraper\"><h3><a href=\"https:\/\/buenomorenopenalistes.com\/advocat-penal-a-manresa\/\">COMPLIANCE<\/a><\/h3><p>El despatx ofereix serveis d'assessorament, consultoria i elaboraci\u00f3 de programes de compliment i de prevenci\u00f3 de responsabilitat penal (Corporate Defense).<\/p><\/div><\/div><\/div><div class=\"services-box col nomargin\"><a href=\"http:\/\/www.buenomorenopenalistes.com\/contacte\"><div class=\"img-container\"><img src=\"https:\/\/buenomorenopenalistes.com\/wp-content\/uploads\/2021\/01\/personalitzat-130x130.png\" alt=\"ASSESSORAMENT PERSONALITZAT\"\/><\/div><\/a><div class=\"services-content\"><div class=\"sc-wraper\"><h3><a href=\"http:\/\/www.buenomorenopenalistes.com\/contacte\">ASSESSORAMENT PERSONALITZAT<\/a><\/h3><p>Oferim un servei personalitzat al nostre client, des del nostre despatx ubicat al centre de la ciutat de Manresa.<\/p><\/div><\/div><\/div><div class=\"clear\"><\/div><\/div>\n<p>\n<\/div><\/div>\n<div class=\"services-wrapper services-fullbox cols-wrapper cols-4\" style=\"background-color:#304151;color:#ffffff;\"><div class=\"services-box col services-no-content\"><div class=\"img-container\"><img src=\"https:\/\/buenomorenopenalistes.com\/wp-content\/uploads\/2021\/01\/bueno-moreno-compilance.jpg\" alt=\"\"\/><\/div><div class=\"services-content\"><div class=\"sc-wraper\"><\/div><\/div><\/div><div class=\"services-box col services-no-content\"><div class=\"img-container\"><img src=\"https:\/\/buenomorenopenalistes.com\/wp-content\/uploads\/2021\/01\/bueno-moreno-penalistes.jpg\" alt=\"\"\/><\/div><div class=\"services-content\"><div class=\"sc-wraper\"><\/div><\/div><\/div><div class=\"services-box col services-no-content\"><div class=\"img-container\"><img src=\"https:\/\/buenomorenopenalistes.com\/wp-content\/uploads\/2021\/01\/bueno-moreno-advocats-penalistes.jpg\" alt=\"\"\/><\/div><div class=\"services-content\"><div class=\"sc-wraper\"><\/div><\/div><\/div><div class=\"services-box col nomargin services-no-content\"><div class=\"img-container\"><img src=\"https:\/\/buenomorenopenalistes.com\/wp-content\/uploads\/2021\/01\/bueno-moreno-advocats.jpg\" alt=\"\"\/><\/div><div class=\"services-content\"><div class=\"sc-wraper\"><\/div><\/div><\/div><div class=\"clear\"><\/div><\/div>\n<div class=\"section-full-width section-light\" style=\"background-color:#ffffff;\" id=\"section-1\"><div class=\"section-boxed\" style=\"color:#777777;\"><h4 style=\"color:#252525;\" class=\"sub-title\">Els Clients Opinen<\/h4><div class=\"testimonial-slider\" data-autoplay=\"true\"><div class=\"testimonial-container no-image\"><div class=\"testimonial-wrapper\"><div class=\"testimonial-info\"><div class=\"testimonials-details\"><h2>-<\/h2><span><\/span><\/div><\/div><blockquote><p><strong>Despacho:<\/strong>\r\nLocal amplio, moderno, di\u00e1fano, muy luminoso y acogedor.\r\n<strong>Profesional:<\/strong>\r\nProfesional, honesto, seguimiento constante y puntual del caso, adem\u00e1s de una atenci\u00f3n directa, personal y transparente.<\/p><\/blockquote><\/div><\/div><div class=\"testimonial-container no-image\"><div class=\"testimonial-wrapper\"><div class=\"testimonial-info\"><div class=\"testimonials-details\"><h2>-<\/h2><span><\/span><\/div><\/div><blockquote><p>Precisi\u00f3 jur\u00eddica, serenor i una visi\u00f3 t\u00e8cnica que transmet de forma entenedora. Despr\u00e9s d'escoltar-la et saps en molt bones mans. L'ambient del seu despatx no pot ajudar m\u00e9s: c\u00e0lid alhora que sobri i molt molt elegant. Ella i el seu despatx fan una combinaci\u00f3 perfecta que et fan sentir molt segur. Tamb\u00e9 l'acompanyament durant tot el proc\u00e9s, sap escoltar i transmetre calma quan m\u00e9s et cal.<\/p><\/blockquote><\/div><\/div><div class=\"testimonial-container no-image\"><div class=\"testimonial-wrapper\"><div class=\"testimonial-info\"><div class=\"testimonials-details\"><h2>-<\/h2><span><\/span><\/div><\/div><blockquote><p>Nom\u00e9s tinc paraules d'agra\u00efment per la seva professionalitat, serietat, dedicaci\u00f3 i la gran tranquil\u00b7litat que em va transmetre al moment que tant ho vaig necessitar. Tot va acabar amb un gran \u00e8xit, mil gr\u00e0cies pel teu gran treball.<\/p><\/blockquote><\/div><\/div><div class=\"testimonial-container no-image\"><div class=\"testimonial-wrapper\"><div class=\"testimonial-info\"><div class=\"testimonials-details\"><h2>-<\/h2><span><\/span><\/div><\/div><blockquote><p>Les paraules organitzaci\u00f3, vocaci\u00f3, responsabilitat, rigorositat, educaci\u00f3, intel\u00b7lig\u00e8ncia i pencaire, entre d'altres, perqu\u00e8 tot aix\u00f2 \u00e9s ella. Nom\u00e9s tinc paraules d'agra\u00efment!! Seguint la l\u00ednia de qui \u00e9s ella, doncs una feina incre\u00efble.<\/p><\/blockquote><\/div><\/div><div class=\"testimonial-container no-image\"><div class=\"testimonial-wrapper\"><div class=\"testimonial-info\"><div class=\"testimonials-details\"><h2>-<\/h2><span><\/span><\/div><\/div><blockquote><p>Recomiendo el Despacho BUENO MORENO PENALISTES por su excelencia de servicio, por su calidad y buen trato, por su respeto a la protecci\u00f3n de datos, discreci\u00f3n y gran profesionalidad en el \u00e1mbito penal. Sumamente satisfecha con su defensa jur\u00eddica y su alto nivel de compromiso con el cliente. Enhorabuena y a seguir cosechando \u00e9xitos a la extraordinaria Abogada y mejor persona Laura Bueno Moreno. GRACIAS por todo.<\/p><\/blockquote><\/div><\/div><\/div>\n<\/div><\/div>\n<div class=\"section-full-width section-light\" style=\"background-color:#f7f7f7;\" id=\"section-2\"><div style=\"background-image:url(https:\/\/buenomorenopenalistes.com\/wp-content\/uploads\/2021\/02\/moreno-bueno-advocats-penalistes-manresa.jpg); opacity:1; filter: alpha(opacity=100);\" class=\"full-bg-image\" ><\/div><div class=\"section-boxed\" style=\"color:#777777;\"><\/p>\n<div class=\"cols-wrapper cols-2\">\n<div class=\"col\">\n<h3><span style=\"color: #5b706f;\"><strong>Especialistes en Dret Penal<\/strong><\/span><\/h3>\n<p>Una manera personal de viure i entendre el Dret convertit en segell personal del despatx que a la vegada defineixen la visi\u00f3, la missi\u00f3 i els valors de la marca:<\/p>\n<ul class=\"bullet_arrow4 imglist\">\n<li>Honestedat<\/li>\n<li>Esfor\u00e7<\/li>\n<li>Passi\u00f3<\/li>\n<li>Dedicaci\u00f3<\/li>\n<li>I respecte pel Dret Penal i pels interessos i drets que davant ell estan en joc.<\/li>\n<\/ul>\n<p><a class=\"button\" href=\"www.buenomorenopenalistes.com\/contacte\">Contacte<\/a><\/p>\n<\/div>\n<div class=\"col nomargin\"><\/div>\n<\/div>\n<p>\n<\/div><\/div>\n","protected":false},"excerpt":{"rendered":"","protected":false},"author":1,"featured_media":0,"parent":0,"menu_order":0,"comment_status":"open","ping_status":"closed","template":"template-full-custom.php","meta":[],"yoast_head":"<!-- This site is optimized with the Yoast SEO plugin v15.8 - https:\/\/yoast.com\/wordpress\/plugins\/seo\/ -->\n<meta name=\"description\" content=\"Bueno Moreno Penalistes \u00e9s la consolidaci\u00f3 del projecte personal l&#039;advocada Laura Bueno Moreno. \u00b7 Dret Penal i Compliance a Manresa.\" \/>\n<meta name=\"robots\" content=\"index, follow, max-snippet:-1, max-image-preview:large, max-video-preview:-1\" \/>\n<link rel=\"canonical\" href=\"http:\/\/buenomorenopenalistes.com\/ca\/\" \/>\n<meta property=\"og:locale\" content=\"ca_ES\" \/>\n<meta property=\"og:type\" content=\"article\" \/>\n<meta property=\"og:title\" content=\"Bueno Moreno Penalistes \u00b7 Dret Penal i Compliance a Manresa\" \/>\n<meta property=\"og:description\" content=\"Bueno Moreno Penalistes \u00e9s la consolidaci\u00f3 del projecte personal l&#039;advocada Laura Bueno Moreno. \u00b7 Dret Penal i Compliance a Manresa.\" \/>\n<meta property=\"og:url\" content=\"http:\/\/buenomorenopenalistes.com\/ca\/\" \/>\n<meta property=\"og:site_name\" content=\"Bueno Moreno Penalistes\" \/>\n<meta property=\"article:modified_time\" content=\"2021-02-17T17:32:42+00:00\" \/>\n<meta name=\"twitter:card\" content=\"summary_large_image\" \/>\n<meta name=\"twitter:label1\" content=\"Temps estimat de lectura\">\n\t<meta name=\"twitter:data1\" content=\"2 minuts\">\n<script type=\"application\/ld+json\" class=\"yoast-schema-graph\">{\"@context\":\"https:\/\/schema.org\",\"@graph\":[{\"@type\":\"WebSite\",\"@id\":\"http:\/\/buenomorenopenalistes.com\/ca\/#website\",\"url\":\"http:\/\/buenomorenopenalistes.com\/ca\/\",\"name\":\"Bueno Moreno Penalistes\",\"description\":\"Firma especialitzada en Dret Penal profundament compromesa amb l\\u2019excel\\u00b7l\\u00e8ncia, l\\u2019esfor\\u00e7 i les persones.\",\"potentialAction\":[{\"@type\":\"SearchAction\",\"target\":\"http:\/\/buenomorenopenalistes.com\/ca\/?s={search_term_string}\",\"query-input\":\"required name=search_term_string\"}],\"inLanguage\":\"ca\"},{\"@type\":\"WebPage\",\"@id\":\"http:\/\/buenomorenopenalistes.com\/ca\/#webpage\",\"url\":\"http:\/\/buenomorenopenalistes.com\/ca\/\",\"name\":\"Bueno Moreno Penalistes \\u00b7 Dret Penal i Compliance a Manresa\",\"isPartOf\":{\"@id\":\"http:\/\/buenomorenopenalistes.com\/ca\/#website\"},\"datePublished\":\"2015-01-19T23:39:24+00:00\",\"dateModified\":\"2021-02-17T17:32:42+00:00\",\"description\":\"Bueno Moreno Penalistes \\u00e9s la consolidaci\\u00f3 del projecte personal l'advocada Laura Bueno Moreno. \\u00b7 Dret Penal i Compliance a Manresa.\",\"breadcrumb\":{\"@id\":\"http:\/\/buenomorenopenalistes.com\/ca\/#breadcrumb\"},\"inLanguage\":\"ca\",\"potentialAction\":[{\"@type\":\"ReadAction\",\"target\":[\"http:\/\/buenomorenopenalistes.com\/ca\/\"]}]},{\"@type\":\"BreadcrumbList\",\"@id\":\"http:\/\/buenomorenopenalistes.com\/ca\/#breadcrumb\",\"itemListElement\":[{\"@type\":\"ListItem\",\"position\":1,\"item\":{\"@type\":\"WebPage\",\"@id\":\"http:\/\/buenomorenopenalistes.com\/ca\/\",\"url\":\"http:\/\/buenomorenopenalistes.com\/ca\/\",\"name\":\"Inici\"}},{\"@type\":\"ListItem\",\"position\":2,\"item\":{\"@type\":\"WebPage\",\"@id\":\"http:\/\/buenomorenopenalistes.com\/ca\/\",\"url\":\"http:\/\/buenomorenopenalistes.com\/ca\/\",\"name\":\"Inici\"}}]}]}<\/script>\n<!-- \/ Yoast SEO plugin. -->","_links":{"self":[{"href":"https:\/\/buenomorenopenalistes.com\/ca\/wp-json\/wp\/v2\/pages\/5"}],"collection":[{"href":"https:\/\/buenomorenopenalistes.com\/ca\/wp-json\/wp\/v2\/pages"}],"about":[{"href":"https:\/\/buenomorenopenalistes.com\/ca\/wp-json\/wp\/v2\/types\/page"}],"author":[{"embeddable":true,"href":"https:\/\/buenomorenopenalistes.com\/ca\/wp-json\/wp\/v2\/users\/1"}],"replies":[{"embeddable":true,"href":"https:\/\/buenomorenopenalistes.com\/ca\/wp-json\/wp\/v2\/comments?post=5"}],"version-history":[{"count":27,"href":"https:\/\/buenomorenopenalistes.com\/ca\/wp-json\/wp\/v2\/pages\/5\/revisions"}],"predecessor-version":[{"id":201,"href":"https:\/\/buenomorenopenalistes.com\/ca\/wp-json\/wp\/v2\/pages\/5\/revisions\/201"}],"wp:attachment":[{"href":"https:\/\/buenomorenopenalistes.com\/ca\/wp-json\/wp\/v2\/media?parent=5"}],"curies":[{"name":"wp","href":"https:\/\/api.w.org\/{rel}","templated":true}]}}