{"id":244,"date":"2021-01-23T13:53:29","date_gmt":"2021-01-23T12:53:29","guid":{"rendered":"http:\/\/buenomorenopenalistes.com\/?page_id=244"},"modified":"2021-02-18T11:29:52","modified_gmt":"2021-02-18T10:29:52","slug":"politica-de-cookies","status":"publish","type":"page","link":"https:\/\/buenomorenopenalistes.com\/ca\/politica-de-cookies\/","title":{"rendered":"Pol\u00edtica de Cookies"},"content":{"rendered":"<h3>1. Qu\u00e8 s\u00f3n les cookies i per qu\u00e8 les utilitzem a la Web?<\/h3>\n<p>Una cookie \u00e9s un fitxer que es descarrega al dispositiu de l\u2019usuari a l\u2019accedir a determinats lloc web per emmagatzemar i recuperar informaci\u00f3 sobre la navegaci\u00f3 que s\u2019efectua des del seu equip.<br \/>\nLes cookies permeten a aquest web, entre altres coses, emmagatzemar i recuperar informaci\u00f3 sobre les decisions i h\u00e0bits de l\u2019usuari. Al present web les cookies que existeixen s\u00f3n necess\u00e0ries per al funcionament d\u2019aquesta.<br \/>\n\u00c9s important destacar que l\u2019\u00fas de cookies no proporciona dades personals de l\u2019usuari.<\/p>\n<h3>2. Quin tipus de cookies existeixen?<\/h3>\n<p>Les cookies, en funci\u00f3 del temps que romanen activades, poden dividir-se en cookies de sessi\u00f3 o permanents:<\/p>\n<h4>\u2022 Cookies de sessi\u00f3 i persistents:<\/h4>\n<p>Les Cookies de sessi\u00f3 son dissenyades per recaptar i emmagatzemar dades mentre l\u2019usuari accedeix a una p\u00e0gina web. Se solen emprar per emmagatzemar informaci\u00f3 que solament interessa conservar per a la prestaci\u00f3 del servei sol\u00b7licitat per l\u2019usuari en una sola ocasi\u00f3. En el cas de les persistents, les dades continuen emmagatzemades en el dispositiu durant un per\u00edode de temps determinat, facilitant aix\u00ed el control de les prefer\u00e8ncies elegides sense tornar que repetir certs par\u00e0metres cada cop que es visita el lloc web.<\/p>\n<p>Addicionalment, segons l\u2019entitat que les gestioni, les cookies poden classificar-se en pr\u00f2pies o de tercer:<\/p>\n<h4>\u2022 Cookies pr\u00f2pies o de tercers:<\/h4>\n<p>Les Cookies pr\u00f2pies s\u00f3n aquelles que s\u2019envien a l\u2019equip terminal de l\u2019usuari des d\u2019un equip o domini gestionat pel propi editor i des del qual es presta el servei sol\u00b7licitat per l\u2019usuari. En canvi, les cookies de tercers son aquelles que s\u2019envien al terminal de l\u2019usuari des d\u2019un equip o domini que no \u00e9s gestionat per l\u2019editor, sin\u00f3 per un una altra entitat que tracta les dades obtingudes a trav\u00e9s de les cookies.<\/p>\n<p>En quant a finalitat, les cookies poden ser:<\/p>\n<h4>\u2022 Cookies t\u00e8cniques \/ personalitzaci\u00f3 \/ an\u00e0lisi \/ publicit\u00e0ries:<\/h4>\n<p>Les cookies t\u00e8cniques serien les que permeten controlar el tr\u00e0nsit i la comunicaci\u00f3 de dades; les de personalitzaci\u00f3, les que deixen als usuaris accedir segons algunes caracter\u00edstiques pr\u00f2pies que es recullen (navegador, idioma, etc.). Les d\u2019an\u00e0lisi s\u00f3n aquelles que permeten al responsable de les mateixes, el seguiment i la mida del comportament dels usuaris dels llocs web als que estan vinculades, recullen dades sobre el comportament dels usuaris i permeten elaborar un perfil d\u2019usuari. Finalment, les publicit\u00e0ries recullen dades sobre la gesti\u00f3 dels espais publicitaris<\/p>\n<h3>3. Quin tipus de cookies utilitza la p\u00e0gina web?<\/h3>\n<p>&nbsp;<\/p>\n<table width=\"437\">\n<thead>\n<tr>\n<td width=\"83\"><strong>Nom<\/strong><\/td>\n<td width=\"106\"><strong>Domini<\/strong><\/td>\n<td width=\"183\"><strong>Finalitat<\/strong><\/td>\n<td width=\"64\"><strong>Venciment<\/strong><\/td>\n<\/tr>\n<\/thead>\n<tbody>\n<tr>\n<td width=\"83\">DIYAppServer<\/td>\n<td width=\"106\">cdn.website-start.de<\/td>\n<td width=\"183\">Cookies relatives al servidor de hosting, informaci\u00f3 estad\u00edstica de les visites que rep la web.<\/td>\n<td width=\"64\">sessi\u00f3<\/td>\n<\/tr>\n<tr>\n<td width=\"83\">DIY_SB<\/td>\n<td width=\"106\">www.buenomorenopenalistes.com<\/td>\n<td width=\"183\">S\u2019intal\u00b7la quan s\u2019accedeix al lloc web al navegador. \u00c9s una cookie que identifica la sessi\u00f3, la qual s\u2019envia per a qualsevol altre tipus de sessi\u00f3.&nbsp;<\/td>\n<td width=\"64\">sessi\u00f3<\/td>\n<\/tr>\n<\/tbody>\n<\/table>\n<h3>4. Com deshabilitar les cookies del navegador?<\/h3>\n<p>L\u2019usuari pot configurar el seu navegador per a no acceptar l\u2019\u00fas de cookies, en aquest cas la personalitzaci\u00f3 de l\u2019experi\u00e8ncia no s\u2019aplicaria. Si es selecciona aquesta configuraci\u00f3 pot ser que no es pugui accedir a certes parts del lloc web, ja que pot causar una navegaci\u00f3 menys efica\u00e7.<br \/>\nLa majoria de navegadors actualment permeten a l\u2019usuari configurar si desitgen acceptar cookies i quines d\u2019aquestes. Aquests par\u00e0metres normalment es troben als \u201cpar\u00e0metres\u201d o \u201cprefer\u00e8ncies\u201d del men\u00fa del seu navegador.<br \/>\nInternet Explorer des d\u2019aqu\u00ed:\u00a0<a href=\"http:\/\/windows.microsoft.com\/es-es\/internet-explorer\/delete-manage-cookies#ie=ie-10\" target=\"_blank\" rel=\"noopener noreferrer\">http:\/\/windows.microsoft.com\/es-es\/internet-explorer\/delete-manage-cookies#ie=ie-10<\/a><br \/>\nGoogle Chrome des d\u2019aqu\u00ed:\u00a0<a href=\"http:\/\/support.google.com\/chrome\/bin\/answer.py?hl=es&amp;answer=95647\" target=\"_blank\" rel=\"noopener noreferrer\">http:\/\/support.google.com\/chrome\/bin\/answer.py?hl=es&amp;answer=95647<\/a><br \/>\nSafari des d\u2019aqu\u00ed:\u00a0<a href=\"https:\/\/support.apple.com\/kb\/ph17191?locale=es_ES\" target=\"_blank\" rel=\"noopener noreferrer\">https:\/\/support.apple.com\/kb\/ph17191?locale=es_ES<\/a><br \/>\nOpera des d\u2019aqu\u00ed:\u00a0<a href=\"http:\/\/help.opera.com\/Windows\/11.50\/es-ES\/cookies.html\" target=\"_blank\" rel=\"noopener noreferrer\">http:\/\/help.opera.com\/Windows\/11.50\/es-ES\/cookies.html<\/a><\/p>\n","protected":false},"excerpt":{"rendered":"<p>1. Qu\u00e8 s\u00f3n les cookies i per qu\u00e8 les utilitzem a la Web? Una cookie \u00e9s un fitxer que es [&hellip;]<\/p>\n","protected":false},"author":1,"featured_media":0,"parent":0,"menu_order":0,"comment_status":"open","ping_status":"closed","template":"","meta":[],"yoast_head":"<!-- This site is optimized with the Yoast SEO plugin v15.8 - https:\/\/yoast.com\/wordpress\/plugins\/seo\/ -->\n<meta name=\"description\" content=\"Bueno Moreno Penalistes \u00b7 Pol\u00edtica de Cookies \u00b7 Advocada Laura Bueno \u00b7 Firma especialitzada en Dret Penal.\" \/>\n<meta name=\"robots\" content=\"index, follow, max-snippet:-1, max-image-preview:large, max-video-preview:-1\" \/>\n<link rel=\"canonical\" href=\"https:\/\/buenomorenopenalistes.com\/ca\/politica-de-cookies\/\" \/>\n<meta property=\"og:locale\" content=\"ca_ES\" \/>\n<meta property=\"og:type\" content=\"article\" \/>\n<meta property=\"og:title\" content=\"Bueno Moreno Penalistes \u00b7 Pol\u00edtica de Cookies \u00b7 Advocada Laura Bueno\" \/>\n<meta property=\"og:description\" content=\"Bueno Moreno Penalistes \u00b7 Pol\u00edtica de Cookies \u00b7 Advocada Laura Bueno \u00b7 Firma especialitzada en Dret Penal.\" \/>\n<meta property=\"og:url\" content=\"https:\/\/buenomorenopenalistes.com\/ca\/politica-de-cookies\/\" \/>\n<meta property=\"og:site_name\" content=\"Bueno Moreno Penalistes\" \/>\n<meta property=\"article:modified_time\" content=\"2021-02-18T10:29:52+00:00\" \/>\n<meta name=\"twitter:card\" content=\"summary_large_image\" \/>\n<meta name=\"twitter:label1\" content=\"Temps estimat de lectura\">\n\t<meta name=\"twitter:data1\" content=\"3 minuts\">\n<script type=\"application\/ld+json\" class=\"yoast-schema-graph\">{\"@context\":\"https:\/\/schema.org\",\"@graph\":[{\"@type\":\"WebSite\",\"@id\":\"http:\/\/buenomorenopenalistes.com\/ca\/#website\",\"url\":\"http:\/\/buenomorenopenalistes.com\/ca\/\",\"name\":\"Bueno Moreno Penalistes\",\"description\":\"Firma especialitzada en Dret Penal profundament compromesa amb l\\u2019excel\\u00b7l\\u00e8ncia, l\\u2019esfor\\u00e7 i les persones.\",\"potentialAction\":[{\"@type\":\"SearchAction\",\"target\":\"http:\/\/buenomorenopenalistes.com\/ca\/?s={search_term_string}\",\"query-input\":\"required name=search_term_string\"}],\"inLanguage\":\"ca\"},{\"@type\":\"WebPage\",\"@id\":\"https:\/\/buenomorenopenalistes.com\/ca\/politica-de-cookies\/#webpage\",\"url\":\"https:\/\/buenomorenopenalistes.com\/ca\/politica-de-cookies\/\",\"name\":\"Bueno Moreno Penalistes \\u00b7 Pol\\u00edtica de Cookies \\u00b7 Advocada Laura Bueno\",\"isPartOf\":{\"@id\":\"http:\/\/buenomorenopenalistes.com\/ca\/#website\"},\"datePublished\":\"2021-01-23T12:53:29+00:00\",\"dateModified\":\"2021-02-18T10:29:52+00:00\",\"description\":\"Bueno Moreno Penalistes \\u00b7 Pol\\u00edtica de Cookies \\u00b7 Advocada Laura Bueno \\u00b7 Firma especialitzada en Dret Penal.\",\"breadcrumb\":{\"@id\":\"https:\/\/buenomorenopenalistes.com\/ca\/politica-de-cookies\/#breadcrumb\"},\"inLanguage\":\"ca\",\"potentialAction\":[{\"@type\":\"ReadAction\",\"target\":[\"https:\/\/buenomorenopenalistes.com\/ca\/politica-de-cookies\/\"]}]},{\"@type\":\"BreadcrumbList\",\"@id\":\"https:\/\/buenomorenopenalistes.com\/ca\/politica-de-cookies\/#breadcrumb\",\"itemListElement\":[{\"@type\":\"ListItem\",\"position\":1,\"item\":{\"@type\":\"WebPage\",\"@id\":\"http:\/\/buenomorenopenalistes.com\/ca\/\",\"url\":\"http:\/\/buenomorenopenalistes.com\/ca\/\",\"name\":\"Inici\"}},{\"@type\":\"ListItem\",\"position\":2,\"item\":{\"@type\":\"WebPage\",\"@id\":\"https:\/\/buenomorenopenalistes.com\/ca\/politica-de-cookies\/\",\"url\":\"https:\/\/buenomorenopenalistes.com\/ca\/politica-de-cookies\/\",\"name\":\"Pol\\u00edtica de Cookies\"}}]}]}<\/script>\n<!-- \/ Yoast SEO plugin. -->","_links":{"self":[{"href":"https:\/\/buenomorenopenalistes.com\/ca\/wp-json\/wp\/v2\/pages\/244"}],"collection":[{"href":"https:\/\/buenomorenopenalistes.com\/ca\/wp-json\/wp\/v2\/pages"}],"about":[{"href":"https:\/\/buenomorenopenalistes.com\/ca\/wp-json\/wp\/v2\/types\/page"}],"author":[{"embeddable":true,"href":"https:\/\/buenomorenopenalistes.com\/ca\/wp-json\/wp\/v2\/users\/1"}],"replies":[{"embeddable":true,"href":"https:\/\/buenomorenopenalistes.com\/ca\/wp-json\/wp\/v2\/comments?post=244"}],"version-history":[{"count":2,"href":"https:\/\/buenomorenopenalistes.com\/ca\/wp-json\/wp\/v2\/pages\/244\/revisions"}],"predecessor-version":[{"id":246,"href":"https:\/\/buenomorenopenalistes.com\/ca\/wp-json\/wp\/v2\/pages\/244\/revisions\/246"}],"wp:attachment":[{"href":"https:\/\/buenomorenopenalistes.com\/ca\/wp-json\/wp\/v2\/media?parent=244"}],"curies":[{"name":"wp","href":"https:\/\/api.w.org\/{rel}","templated":true}]}}