{"id":234,"date":"2021-01-23T13:45:04","date_gmt":"2021-01-23T12:45:04","guid":{"rendered":"http:\/\/buenomorenopenalistes.com\/?page_id=234"},"modified":"2021-02-18T09:13:43","modified_gmt":"2021-02-18T08:13:43","slug":"politica-de-privacitat","status":"publish","type":"page","link":"https:\/\/buenomorenopenalistes.com\/ca\/politica-de-privacitat\/","title":{"rendered":"Pol\u00edtica de Privacitat"},"content":{"rendered":"<h2>POL\u00cdTICA DE PRIVACITAT<\/h2>\n<p>De conformitat amb la\u00a0<strong>Llei Org\u00e0nica 3\/2018, del 5 de desembre, de Protecci\u00f3 de Dades Personals i Garanties dels Drets Digitals,<\/strong>\u00a0i del Reglament (UE) 2016\/679, de 27 d\u2019abril de 2016, relatiu a la protecci\u00f3 de les persones f\u00edsiques pel que fa al tractament de dades personals ia la lliure circulaci\u00f3 d\u2019aquestes dades,\u00a0<strong>BUENO MORENO PENALISTES<\/strong> informa als Usuaris que naveguin i accedeixin al lloc web www.buenomorenopenalistes.com\u00a0sobre els tractaments de dades personals realitzats:<\/p>\n<h3>Responsable<\/h3>\n<p><strong>LAURA BUENO MORENO<\/strong><br \/>\nMuralla del Carme, 22-24, 3r 6a 08241 Manresa (Barcelona)<br \/>\nCIF: 39382034P<\/p>\n<h3>Finalitat<\/h3>\n<p>Gestionar les dades als quals l\u2019empresa accedeix com a conseq\u00fc\u00e8ncia de la navegaci\u00f3, consulta i \/ o sol\u00b7licitud, aix\u00ed com la contractaci\u00f3 de serveis a trav\u00e9s del lloc web i, si escau enviar comunicacions comercials.<\/p>\n<h3>Legitimaci\u00f3<\/h3>\n<p>Execuci\u00f3 d\u2019un contracte.<\/p>\n<h3>Destinataris<\/h3>\n<p>No es cediran les dades a tercers, excepte obligaci\u00f3 legal.<\/p>\n<h3>Drets<\/h3>\n<p>Accedir, rectificar i suprimir les dades, aix\u00ed com els altres drets regulats al Reglament (UE) 679\/2016 poden ser exercits dirigint-se al seg\u00fcent domicili: C\/ Comtessa Ermessenda, 8-10 3r B \u00b7 08242 Manresa (Barcelona) o a la seg\u00fcent adre\u00e7a de correu electr\u00f2nic <a href=\"mailto:laura@buenomorenopenalistes.com\">laura@buenomorenopenalistes.com<\/a><\/p>\n<h3>Conservaci\u00f3<\/h3>\n<p>En cas que l\u2019usuari nom\u00e9s faci una consulta seves dades no seran utilitzades per cap altre motiu a part de gestionar la resposta.<\/p>\n<p>Abans de l\u2019enviament de qualsevol sol\u00b7licitud d\u2019informaci\u00f3 a trav\u00e9s del correu electr\u00f2nic de contacte d\u2019aquesta p\u00e0gina web, l\u2019usuari ha d\u2019acceptar la pol\u00edtica de privacitat i les condicions d\u2019\u00fas d\u2019aquesta, amb la finalitat de prestar el consentiment expr\u00e9s i informat pel tractament de les dades amb les finalitats indicades.<\/p>\n<p>Les dades personals que l\u2019Usuari facilita <strong>BUENO MORENO PENALISTES<\/strong>\u00a0han de ser actuals perqu\u00e8 la informaci\u00f3 dels registres estigui actualitza i sense errors. L\u2019Usuari respondr\u00e0 de la veracitat de les dades facilitades.<\/p>\n<h3>Menors d\u2019edat<\/h3>\n<p>Menors d\u2019edat<\/p>\n<p>Els menors de 18 anys no poden cedir les seves dades personals a <strong>BUENO MORENO PENALISTES<\/strong>\u00a0sense el previ consentiment dels seus pares i \/ o tutors legals.<\/p>\n<p>En cas que <strong>BUENO MORENO PENALISTES<\/strong>\u00a0detect\u00e9s que l\u2019usuari \u00e9s menor de 18 anys es reserva el dret a sol\u00b7licitar una c\u00f2pia del seu DNI o document d\u2019identitat equivalent, o, si s\u2019escau, l\u2019autoritzaci\u00f3 dels seus pares i \/ o tutors legals, causant baixa en cas de no acreditar el compliment d\u2019aquest requisit o manca de resposta.<\/p>\n<h3>Quines mesures de seguretat t\u00e9 implantada l\u2019empresa?<\/h3>\n<p><strong>BUENO MORENO PENALISTES<\/strong> informa que t\u00e9 implantades les mesures de seguretat d\u2019\u00edndole t\u00e8cnica i organitzatives necess\u00e0ries que garanteixin la seguretat de les dades de car\u00e0cter personal de l\u2019Usuari i evitin la seva alteraci\u00f3, p\u00e8rdua, tractament i \/ o acc\u00e9s no autoritzat d\u2019acord amb l\u2019estat de la tecnologia, la naturalesa de les dades emmagatzemades i els riscos a qu\u00e8 estan exposats, tant si provenen de l\u2019acci\u00f3 humana o del medi f\u00edsic o natural, de conformitat amb el que preveu la normativa vigent.<\/p>\n","protected":false},"excerpt":{"rendered":"<p>POL\u00cdTICA DE PRIVACITAT De conformitat amb la\u00a0Llei Org\u00e0nica 3\/2018, del 5 de desembre, de Protecci\u00f3 de Dades Personals i Garanties [&hellip;]<\/p>\n","protected":false},"author":1,"featured_media":0,"parent":0,"menu_order":0,"comment_status":"open","ping_status":"closed","template":"","meta":[],"yoast_head":"<!-- This site is optimized with the Yoast SEO plugin v15.8 - https:\/\/yoast.com\/wordpress\/plugins\/seo\/ -->\n<meta name=\"description\" content=\"FPol\u00edtica de Privacitat \u00b7 Bueno Moreno Penalistes \u00b7 irma especialitzada en Dret Penal profundament compromesa amb l\u2019excel\u00b7l\u00e8ncia.\" \/>\n<meta name=\"robots\" content=\"index, follow, max-snippet:-1, max-image-preview:large, max-video-preview:-1\" \/>\n<link rel=\"canonical\" href=\"https:\/\/buenomorenopenalistes.com\/ca\/politica-de-privacitat\/\" \/>\n<meta property=\"og:locale\" content=\"ca_ES\" \/>\n<meta property=\"og:type\" content=\"article\" \/>\n<meta property=\"og:title\" content=\"Pol\u00edtica de Privacitat \u00b7 Bueno Moreno Penalistes \u00b7 Laura Bueno Moreno\" \/>\n<meta property=\"og:description\" content=\"FPol\u00edtica de Privacitat \u00b7 Bueno Moreno Penalistes \u00b7 irma especialitzada en Dret Penal profundament compromesa amb l\u2019excel\u00b7l\u00e8ncia.\" \/>\n<meta property=\"og:url\" content=\"https:\/\/buenomorenopenalistes.com\/ca\/politica-de-privacitat\/\" \/>\n<meta property=\"og:site_name\" content=\"Bueno Moreno Penalistes\" \/>\n<meta property=\"article:modified_time\" content=\"2021-02-18T08:13:43+00:00\" \/>\n<meta name=\"twitter:card\" content=\"summary_large_image\" \/>\n<meta name=\"twitter:label1\" content=\"Temps estimat de lectura\">\n\t<meta name=\"twitter:data1\" content=\"3 minuts\">\n<script type=\"application\/ld+json\" class=\"yoast-schema-graph\">{\"@context\":\"https:\/\/schema.org\",\"@graph\":[{\"@type\":\"WebSite\",\"@id\":\"http:\/\/buenomorenopenalistes.com\/ca\/#website\",\"url\":\"http:\/\/buenomorenopenalistes.com\/ca\/\",\"name\":\"Bueno Moreno Penalistes\",\"description\":\"Firma especialitzada en Dret Penal profundament compromesa amb l\\u2019excel\\u00b7l\\u00e8ncia, l\\u2019esfor\\u00e7 i les persones.\",\"potentialAction\":[{\"@type\":\"SearchAction\",\"target\":\"http:\/\/buenomorenopenalistes.com\/ca\/?s={search_term_string}\",\"query-input\":\"required name=search_term_string\"}],\"inLanguage\":\"ca\"},{\"@type\":\"WebPage\",\"@id\":\"https:\/\/buenomorenopenalistes.com\/ca\/politica-de-privacitat\/#webpage\",\"url\":\"https:\/\/buenomorenopenalistes.com\/ca\/politica-de-privacitat\/\",\"name\":\"Pol\\u00edtica de Privacitat \\u00b7 Bueno Moreno Penalistes \\u00b7 Laura Bueno Moreno\",\"isPartOf\":{\"@id\":\"http:\/\/buenomorenopenalistes.com\/ca\/#website\"},\"datePublished\":\"2021-01-23T12:45:04+00:00\",\"dateModified\":\"2021-02-18T08:13:43+00:00\",\"description\":\"FPol\\u00edtica de Privacitat \\u00b7 Bueno Moreno Penalistes \\u00b7 irma especialitzada en Dret Penal profundament compromesa amb l\\u2019excel\\u00b7l\\u00e8ncia.\",\"breadcrumb\":{\"@id\":\"https:\/\/buenomorenopenalistes.com\/ca\/politica-de-privacitat\/#breadcrumb\"},\"inLanguage\":\"ca\",\"potentialAction\":[{\"@type\":\"ReadAction\",\"target\":[\"https:\/\/buenomorenopenalistes.com\/ca\/politica-de-privacitat\/\"]}]},{\"@type\":\"BreadcrumbList\",\"@id\":\"https:\/\/buenomorenopenalistes.com\/ca\/politica-de-privacitat\/#breadcrumb\",\"itemListElement\":[{\"@type\":\"ListItem\",\"position\":1,\"item\":{\"@type\":\"WebPage\",\"@id\":\"http:\/\/buenomorenopenalistes.com\/ca\/\",\"url\":\"http:\/\/buenomorenopenalistes.com\/ca\/\",\"name\":\"Inici\"}},{\"@type\":\"ListItem\",\"position\":2,\"item\":{\"@type\":\"WebPage\",\"@id\":\"https:\/\/buenomorenopenalistes.com\/ca\/politica-de-privacitat\/\",\"url\":\"https:\/\/buenomorenopenalistes.com\/ca\/politica-de-privacitat\/\",\"name\":\"Pol\\u00edtica de Privacitat\"}}]}]}<\/script>\n<!-- \/ Yoast SEO plugin. -->","_links":{"self":[{"href":"https:\/\/buenomorenopenalistes.com\/ca\/wp-json\/wp\/v2\/pages\/234"}],"collection":[{"href":"https:\/\/buenomorenopenalistes.com\/ca\/wp-json\/wp\/v2\/pages"}],"about":[{"href":"https:\/\/buenomorenopenalistes.com\/ca\/wp-json\/wp\/v2\/types\/page"}],"author":[{"embeddable":true,"href":"https:\/\/buenomorenopenalistes.com\/ca\/wp-json\/wp\/v2\/users\/1"}],"replies":[{"embeddable":true,"href":"https:\/\/buenomorenopenalistes.com\/ca\/wp-json\/wp\/v2\/comments?post=234"}],"version-history":[{"count":5,"href":"https:\/\/buenomorenopenalistes.com\/ca\/wp-json\/wp\/v2\/pages\/234\/revisions"}],"predecessor-version":[{"id":373,"href":"https:\/\/buenomorenopenalistes.com\/ca\/wp-json\/wp\/v2\/pages\/234\/revisions\/373"}],"wp:attachment":[{"href":"https:\/\/buenomorenopenalistes.com\/ca\/wp-json\/wp\/v2\/media?parent=234"}],"curies":[{"name":"wp","href":"https:\/\/api.w.org\/{rel}","templated":true}]}}