{"id":205,"date":"2021-01-23T12:36:25","date_gmt":"2021-01-23T11:36:25","guid":{"rendered":"http:\/\/buenomorenopenalistes.com\/?page_id=205"},"modified":"2021-02-17T19:04:10","modified_gmt":"2021-02-17T18:04:10","slug":"advocat-penal-a-manresa","status":"publish","type":"page","link":"https:\/\/buenomorenopenalistes.com\/ca\/advocat-penal-a-manresa\/","title":{"rendered":"Especialistes en Compliance a Manresa"},"content":{"rendered":"<div class=\"services-wrapper services-icon cols-wrapper cols-5 pexeto-parallax\"><div class=\"services-box col\"><div class=\"img-container\"><img src=\"https:\/\/buenomorenopenalistes.com\/wp-content\/uploads\/2021\/01\/honestedat-130x130.png\" alt=\"Honestedat\"\/><\/div><div class=\"services-content\"><div class=\"sc-wraper\"><h3>Honestedat<\/h3><\/div><\/div><\/div><div class=\"services-box col\"><div class=\"img-container\"><img src=\"https:\/\/buenomorenopenalistes.com\/wp-content\/uploads\/2021\/01\/esforc-130x130.png\" alt=\"Esfor\u00e7\"\/><\/div><div class=\"services-content\"><div class=\"sc-wraper\"><h3>Esfor\u00e7<\/h3><\/div><\/div><\/div><div class=\"services-box col\"><div class=\"img-container\"><img src=\"https:\/\/buenomorenopenalistes.com\/wp-content\/uploads\/2021\/01\/passio-130x130.png\" alt=\"Passi\u00f3\"\/><\/div><div class=\"services-content\"><div class=\"sc-wraper\"><h3>Passi\u00f3<\/h3><\/div><\/div><\/div><div class=\"services-box col\"><div class=\"img-container\"><img src=\"https:\/\/buenomorenopenalistes.com\/wp-content\/uploads\/2021\/01\/dedicacio-130x130.png\" alt=\"Dedicaci\u00f3\"\/><\/div><div class=\"services-content\"><div class=\"sc-wraper\"><h3>Dedicaci\u00f3<\/h3><\/div><\/div><\/div><div class=\"services-box col nomargin\"><div class=\"img-container\"><img src=\"https:\/\/buenomorenopenalistes.com\/wp-content\/uploads\/2021\/01\/respecte-130x130.png\" alt=\"Respecte\"\/><\/div><div class=\"services-content\"><div class=\"sc-wraper\"><h3>Respecte<\/h3><\/div><\/div><\/div><div class=\"clear\"><\/div><\/div>\n<div class=\"section-full-width section-light2\" style=\"background-color:#fcfcfc;\" id=\"buenomorenopenalistes\"><div class=\"section-boxed\" style=\"color:#777777;\"><h2 class=\"section-title\" style=\"color:#252525;\">BUENO MORENO PENALISTES<\/h2><h4 style=\"color:#252525;\" class=\"sub-title\">Servei Compliance a Manresa<\/h4><\/p>\n<h5 style=\"text-align: center;\">El despatx ofereix serveis d&#8217;assessorament, consultoria i elaboraci\u00f3 de programes de compliment<\/h5>\n<p>&nbsp;<\/p>\n<div class=\"services-wrapper services-boxed-photo cols-wrapper cols-4\"><div class=\"services-title-box col\"><h2>BUENO MORENO<\/h2><p>Acompanya, assessora i guia a les empreses en mat\u00e8ria d'\u00e8tica corporativa, elaborant Models de Prevenci\u00f3 de Delictes, revisant i actualitzant els ja existents aix\u00ed com guiant a les empreses en tot all\u00f2 que fa a la responsabilitat penal de les persones jur\u00eddiques.<\/p><a href=\"http:\/\/www.buenomorenopenalistes.com\" class=\"read-more\">Contacta amb Nosaltres<span class=\"more-arrow\">&rsaquo;<\/span><\/a><\/div><div class=\"services-box col\"><div class=\"img-container\"><img src=\"https:\/\/buenomorenopenalistes.com\/wp-content\/uploads\/2021\/01\/legal-bueno-moreno.jpg\" alt=\"Segell Personal\"\/><\/div><div class=\"services-content\"><div class=\"sc-wraper\"><h3>Segell Personal<\/h3><p>Una manera personal de viure i entendre el Dret convertit en segell personal del despatx que a la vegada defineixen la visi\u00f3, la missi\u00f3 i els valors de la marca.<\/p><\/div><\/div><\/div><div class=\"services-box col\"><div class=\"img-container\"><img src=\"https:\/\/buenomorenopenalistes.com\/wp-content\/uploads\/2021\/01\/acompanyament-bueno-moreno.jpg\" alt=\"Car\u00e0cter Personalista\"\/><\/div><div class=\"services-content\"><div class=\"sc-wraper\"><h3>Car\u00e0cter Personalista<\/h3><p>De la marca que es tradueix en un control i gesti\u00f3 directa dels temes per part de la seva directora, que els assumeix personalment des de l'inici fins a la seva finalitzaci\u00f3.<\/p><\/div><\/div><\/div><div class=\"services-box col nomargin\"><div class=\"img-container\"><img src=\"https:\/\/buenomorenopenalistes.com\/wp-content\/uploads\/2021\/01\/personalista-bueno-moreno.jpg\" alt=\"Acompanyament\"\/><\/div><div class=\"services-content\"><div class=\"sc-wraper\"><h3>Acompanyament<\/h3><p>Al client durant tota la tramitaci\u00f3 de procediment, la comunicaci\u00f3 constant amb ell i l'accessibilitat per fer m\u00e9s comprensible la viv\u00e8ncia de cadascuna de les fases del procediment PENAL.<\/p><\/div><\/div><\/div><div class=\"clear\"><\/div><\/div>\n<p>\n<\/div><\/div>\n<div class=\"services-wrapper services-fullbox cols-wrapper cols-2\" style=\"background-color:#415150;color:#ffffff;\"><div class=\"services-box col services-no-image\"><div class=\"services-content\"><div class=\"sc-wraper\"><h3>BUENO MORENO PENALISTES<\/h3><p>\u00c9s un despatx monogr\u00e0fic en Dret Penal que neix de la vocaci\u00f3 i passi\u00f3 de la seva fundadora i directora, Laura Bueno Moreno per aquesta branca de el Dret. Una boutique legal en Dret Penal amb seu a Manresa que presta assessorament i defensa en tot el territori nacional davant de qualsevol inst\u00e0ncia jurisdiccional penal, tant a persones f\u00edsiques com a jur\u00eddiques.  <br \/> <br \/> <a class=\"button btn-alt\" href=\"https:\/\/buenomorenopenalistes.com\/contacte\/\" target=\"_self\" style=\"color:#a59861; border-color:#a59861;\">Contacta amb Nosaltres<\/a><\/p><\/div><\/div><\/div><div class=\"services-box col nomargin services-no-image\"><div class=\"services-content\"><div class=\"sc-wraper\"><h3><a href=\"https:\/\/buenomorenopenalistes.com\/wp-content\/uploads\/2021\/02\/curri\u0301culum_laura_bueno.pdf\" target=\"_blank\">TRAJECT\u00d2RIA PROFESSIONAL<\/a><\/h3><p>Despr\u00e9s d'anys de traject\u00f2ria professional en despatxos de reconegut prestigi i a la banda de professionals del m\u00e9s alt nivell en la mat\u00e8ria, BUENO MORENO PENALISTES \u00e9s la consolidaci\u00f3 d'un projecte personal marcat per aquesta experi\u00e8ncia professional i per la dedicaci\u00f3, el comprom\u00eds i la recerca constant de l'excel\u00b7l\u00e8ncia. <br \/> <br \/> <a class=\"button btn-alt\" href=\"https:\/\/buenomorenopenalistes.com\/wp-content\/uploads\/2021\/02\/curri\u0301culum_laura_bueno.pdf\" target=\"_blank\" style=\"color:#a59861; border-color:#a59861;\">Curr\u00edculum<\/a><\/p><\/div><\/div><\/div><div class=\"clear\"><\/div><\/div>\n","protected":false},"excerpt":{"rendered":"","protected":false},"author":1,"featured_media":0,"parent":0,"menu_order":0,"comment_status":"open","ping_status":"closed","template":"template-full-custom.php","meta":[],"yoast_head":"<!-- This site is optimized with the Yoast SEO plugin v15.8 - https:\/\/yoast.com\/wordpress\/plugins\/seo\/ -->\n<meta name=\"description\" content=\"Bueno Moreno Penalistes \u00b7 Especialistes en Compliance a Manresa \u00b7 El despatx ofereix serveis d\u2019assessorament, consultoria i elaboraci\u00f3.\" \/>\n<meta name=\"robots\" content=\"index, follow, max-snippet:-1, max-image-preview:large, max-video-preview:-1\" \/>\n<link rel=\"canonical\" href=\"https:\/\/buenomorenopenalistes.com\/ca\/advocat-penal-a-manresa\/\" \/>\n<meta property=\"og:locale\" content=\"ca_ES\" \/>\n<meta property=\"og:type\" content=\"article\" \/>\n<meta property=\"og:title\" content=\"Bueno Moreno Penalistes \u00b7 Especialistes en Compliance a Manresa\" \/>\n<meta property=\"og:description\" content=\"Bueno Moreno Penalistes \u00b7 Especialistes en Compliance a Manresa \u00b7 El despatx ofereix serveis d\u2019assessorament, consultoria i elaboraci\u00f3.\" \/>\n<meta property=\"og:url\" content=\"https:\/\/buenomorenopenalistes.com\/ca\/advocat-penal-a-manresa\/\" \/>\n<meta property=\"og:site_name\" content=\"Bueno Moreno Penalistes\" \/>\n<meta property=\"article:modified_time\" content=\"2021-02-17T18:04:10+00:00\" \/>\n<meta name=\"twitter:card\" content=\"summary_large_image\" \/>\n<meta name=\"twitter:label1\" content=\"Temps estimat de lectura\">\n\t<meta name=\"twitter:data1\" content=\"1 minut\">\n<script type=\"application\/ld+json\" class=\"yoast-schema-graph\">{\"@context\":\"https:\/\/schema.org\",\"@graph\":[{\"@type\":\"WebSite\",\"@id\":\"http:\/\/buenomorenopenalistes.com\/ca\/#website\",\"url\":\"http:\/\/buenomorenopenalistes.com\/ca\/\",\"name\":\"Bueno Moreno Penalistes\",\"description\":\"Firma especialitzada en Dret Penal profundament compromesa amb l\\u2019excel\\u00b7l\\u00e8ncia, l\\u2019esfor\\u00e7 i les persones.\",\"potentialAction\":[{\"@type\":\"SearchAction\",\"target\":\"http:\/\/buenomorenopenalistes.com\/ca\/?s={search_term_string}\",\"query-input\":\"required name=search_term_string\"}],\"inLanguage\":\"ca\"},{\"@type\":\"WebPage\",\"@id\":\"https:\/\/buenomorenopenalistes.com\/ca\/advocat-penal-a-manresa\/#webpage\",\"url\":\"https:\/\/buenomorenopenalistes.com\/ca\/advocat-penal-a-manresa\/\",\"name\":\"Bueno Moreno Penalistes \\u00b7 Especialistes en Compliance a Manresa\",\"isPartOf\":{\"@id\":\"http:\/\/buenomorenopenalistes.com\/ca\/#website\"},\"datePublished\":\"2021-01-23T11:36:25+00:00\",\"dateModified\":\"2021-02-17T18:04:10+00:00\",\"description\":\"Bueno Moreno Penalistes \\u00b7 Especialistes en Compliance a Manresa \\u00b7 El despatx ofereix serveis d\\u2019assessorament, consultoria i elaboraci\\u00f3.\",\"breadcrumb\":{\"@id\":\"https:\/\/buenomorenopenalistes.com\/ca\/advocat-penal-a-manresa\/#breadcrumb\"},\"inLanguage\":\"ca\",\"potentialAction\":[{\"@type\":\"ReadAction\",\"target\":[\"https:\/\/buenomorenopenalistes.com\/ca\/advocat-penal-a-manresa\/\"]}]},{\"@type\":\"BreadcrumbList\",\"@id\":\"https:\/\/buenomorenopenalistes.com\/ca\/advocat-penal-a-manresa\/#breadcrumb\",\"itemListElement\":[{\"@type\":\"ListItem\",\"position\":1,\"item\":{\"@type\":\"WebPage\",\"@id\":\"http:\/\/buenomorenopenalistes.com\/ca\/\",\"url\":\"http:\/\/buenomorenopenalistes.com\/ca\/\",\"name\":\"Inici\"}},{\"@type\":\"ListItem\",\"position\":2,\"item\":{\"@type\":\"WebPage\",\"@id\":\"https:\/\/buenomorenopenalistes.com\/ca\/advocat-penal-a-manresa\/\",\"url\":\"https:\/\/buenomorenopenalistes.com\/ca\/advocat-penal-a-manresa\/\",\"name\":\"Especialistes en Compliance a Manresa\"}}]}]}<\/script>\n<!-- \/ Yoast SEO plugin. -->","_links":{"self":[{"href":"https:\/\/buenomorenopenalistes.com\/ca\/wp-json\/wp\/v2\/pages\/205"}],"collection":[{"href":"https:\/\/buenomorenopenalistes.com\/ca\/wp-json\/wp\/v2\/pages"}],"about":[{"href":"https:\/\/buenomorenopenalistes.com\/ca\/wp-json\/wp\/v2\/types\/page"}],"author":[{"embeddable":true,"href":"https:\/\/buenomorenopenalistes.com\/ca\/wp-json\/wp\/v2\/users\/1"}],"replies":[{"embeddable":true,"href":"https:\/\/buenomorenopenalistes.com\/ca\/wp-json\/wp\/v2\/comments?post=205"}],"version-history":[{"count":14,"href":"https:\/\/buenomorenopenalistes.com\/ca\/wp-json\/wp\/v2\/pages\/205\/revisions"}],"predecessor-version":[{"id":310,"href":"https:\/\/buenomorenopenalistes.com\/ca\/wp-json\/wp\/v2\/pages\/205\/revisions\/310"}],"wp:attachment":[{"href":"https:\/\/buenomorenopenalistes.com\/ca\/wp-json\/wp\/v2\/media?parent=205"}],"curies":[{"name":"wp","href":"https:\/\/api.w.org\/{rel}","templated":true}]}}