{"id":183,"date":"2015-01-19T03:46:48","date_gmt":"2015-01-19T02:46:48","guid":{"rendered":"http:\/\/pexetothemes.com\/demos\/story_demos\/business\/?page_id=2"},"modified":"2021-02-18T08:59:43","modified_gmt":"2021-02-18T07:59:43","slug":"avis-legal","status":"publish","type":"page","link":"https:\/\/buenomorenopenalistes.com\/ca\/avis-legal\/","title":{"rendered":"Av\u00eds Legal"},"content":{"rendered":"<h2>\u00a0AV\u00cdS LEGAL<\/h2>\n<p>En compliment de la Llei 34\/2002, d\u201911 de juliol, de Serveis de la Societat de la Informaci\u00f3 i de Comer\u00e7 electr\u00f2nic, s\u2019informa l\u2019Usuari que el titular de la p\u00e0gina web www.buenomorenopenalistes.com \u00e9s de <strong>LAURA BUENO MORENO<\/strong>\u00a0i les seves dades d\u2019identificaci\u00f3 s\u00f3n:<br \/>\nDomicili: Muralla del Carme, 22-24, 3r 6a 08241 Manresa (Barcelona)<br \/>\nCIF: 39382034P<\/p>\n<h3>1. Accedir a la p\u00e0gina web<\/h3>\n<p>L\u2019av\u00eds legal regula l\u2019acc\u00e9s i \u00fas dels Usuaris a la p\u00e0gina web i t\u00e9 per objecte donar a con\u00e8ixer els productes de l\u2019entitat i permetre l\u2019acc\u00e9s general de tots els usuaris d\u2019Internet.<br \/>\nL\u2019acc\u00e9s i \/ o \u00fas de la Web atribueix a qui ho realitza la condici\u00f3 d\u2019usuari i l\u2019acceptaci\u00f3, sense reserves de cap classe, de totes i cadascuna de les presents condicions generals, aix\u00ed com d\u2019aquelles altres particulars que, si escau, regeixin la utilitzaci\u00f3 del Portal o dels serveis vinculats al mateix.<br \/>\nL\u2019usuari ha de llegir atentament l\u2019Av\u00eds Legal i les pol\u00edtiques de privacitat i de Cookies quan es proposi utilitzar la p\u00e0gina web, ja que\u00a0<strong>BUENO MORENO PENALISTES<\/strong>\u00a0es reserva la facultat de realitzar, en qualsevol moment i sense necessitat de cap preav\u00eds, qualsevol modificaci\u00f3 o actualitzaci\u00f3 dels continguts i serveis, de les presents disposicions d\u2019acc\u00e9s i \u00fas i, en general, de quants elements integrin el disseny i configuraci\u00f3 de la seva web. Si no accepta les condicions d\u2019acc\u00e9s i \u00fas, li preguem que s\u2019abstingui d\u2019utilitzar el Web i el seu contingut.<\/p>\n<h3>2. Utilitzaci\u00f3 de la p\u00e0gina web<\/h3>\n<p>L\u2019Usuari es compromet a fer un \u00fas diligent de la p\u00e0gina web, aix\u00ed com de la informaci\u00f3 relativa als seus serveis i activitats, amb total subjecci\u00f3 tant a la normativa aplicable, aix\u00ed com amb la moral i els bons costums generalment acceptats i l\u2019ordre p\u00fablic, les condicions d\u2019acc\u00e9s i \u00fas i qualssevol altres condicions establertes a la p\u00e0gina web.<br \/>\nA m\u00e9s, es compromet a abstenir-se d\u2019utilitzar qualsevol dels continguts amb finalitats o efectes il\u00b7l\u00edcits, prohibits en el present text, lesius dels drets i interessos de tercers, o que de qualsevol forma puguin danyar, inutilitzar, sobrecarregar, deteriorar o impedir la normal utilitzaci\u00f3 dels continguts, altres Usuaris o de qualsevol usuari d\u2019Internet (hardware i software).<\/p>\n<h3>3. Funcionament de la p\u00e0gina web<\/h3>\n<p>En cas d\u2019incompliment de les condicions de l\u2019Av\u00eds Legal, o les pol\u00edtiques de privacitat i galetes, <strong>BUENO MORENO PENALISTES<\/strong> es reserva el dret a limitar, suspendre i\/o excloure l\u2019acc\u00e9s a la seva p\u00e0gina web, adoptant qualsevol mesura t\u00e8cnica necess\u00e0ria al seu respecte. <strong>BUENO MORENO PENALISTES <\/strong>far\u00e0 el possible per mantenir la p\u00e0gina web en bon funcionament, evitant errors, o b\u00e9 reparant-los i mantenint els continguts actualitzats. Ara b\u00e9, <strong>BUENO MORENO PENALISTES<\/strong>\u00a0no garanteix la disponibilitat i continu\u00eftat en l\u2019acc\u00e9s a la p\u00e0gina web ni la inexist\u00e8ncia d\u2019errors en el contingut.<\/p>\n<h3>4. Responsabilitat<\/h3>\n<p>L\u2019Usuari \u00e9s l\u2019\u00fanic responsable de l\u2019\u00fas que es pugui fer de qualsevol informaci\u00f3 o mecanisme de la p\u00e0gina web.<br \/>\n<strong>BUENO MORENO PENALISTES<\/strong> no es far\u00e0 responsable de cap dany en el maquinari i\/o programari de l\u2019Usuari que es derivi de l\u2019acc\u00e9s i \u00fas de la p\u00e0gina web. Aix\u00ed mateix, tampoc es responsabilitzar\u00e0 d\u2019aquests danys i\/o perjudicis que es puguin ocasionar per l\u2019acc\u00e9s i \/ o \u00fas de la informaci\u00f3 de la p\u00e0gina web, i en concret dels que es puguin produir en sistemes inform\u00e0tics o els provocats per virus \/ o atacs inform\u00e0tics, caigudes, interrupcions abs\u00e8ncia o defecte en les comunicacions i\/o Internet.<br \/>\nL\u2019Usuari ser\u00e0 responsable dels danys i\/o perjudicis que <strong>BUENO MORENO PENALISTES<\/strong>\u00a0pugui patir com a conseq\u00fc\u00e8ncia de l\u2019incompliment de qualsevol dels obligacions a qu\u00e8 queda sotm\u00e8s a trav\u00e9s del present Av\u00eds Legal, la normativa aplicable i Pol\u00edtica de Privacitat i de Cookies.<\/p>\n<h3>5. Pol\u00edtica en mat\u00e8ria de \u201cLinks\u201d (Web enlla\u00e7ant i enlla\u00e7ada)<\/h3>\n<p><strong>\u00b7Web enlla\u00e7ant<\/strong><br \/>\nEls tercers que tinguin la intenci\u00f3 d\u2019incloure en una p\u00e0gina web un enlla\u00e7 de la present p\u00e0gina hauran de complir amb la legislaci\u00f3 vigent i no podran allotjar continguts que siguin inapropiats, il\u00b7l\u00edcits, pornogr\u00e0fics, violents, etc.<\/p>\n<p>En cap cas <strong>BUENO MORENO PENALISTES<\/strong>\u00a0es fa responsable del contingut de la p\u00e0gina web, ni promou, garanteix, supervisa ni recomana els continguts d\u2019aquesta.<\/p>\n<p>Si la web enlla\u00e7ant incompleix algun dels aspectes anteriors, estar\u00e0 obligat a suprimir l\u2019enlla\u00e7 de manera immediata.<\/p>\n<p><strong>\u00b7Web enlla\u00e7ada<\/strong><br \/>\nEn aquesta p\u00e0gina web es poden incloure enlla\u00e7os de p\u00e0gines web de tercers que permetin a l\u2019Usuari accedir. No obstant aix\u00f2, <strong>BUENO MORENO PENALISTES<\/strong>\u00a0no es fa responsable del contingut d\u2019aquestes p\u00e0gines web enlla\u00e7ades, sin\u00f3 que ser\u00e0 l\u2019Usuari l\u2019encarregat d\u2019acceptar i comprovar els accessos cada vegada que accedeixi.<br \/>\nTals enlla\u00e7os o mencions tenen una finalitat que no impliquen el suport, l\u2019aprovaci\u00f3, comercialitzaci\u00f3 o relaci\u00f3 entre la p\u00e0gina i les persones o entitats titulars dels llocs on es trobin.<\/p>\n<h3>6. Propietat Intel\u00b7lectual i Industrial sobre els continguts<\/h3>\n<p><strong>BUENO MORENO PENALISTES<\/strong> o els seus llicenciats, s\u00f3n titulars de tots els drets de propietat intel\u00b7lectual sobre els continguts de la p\u00e0gina web, entenent com a tal tots els dissenys, bases de dades, programes d\u2019ordinadors subjacents (codi font, incl\u00f2s), aix\u00ed com els diferents elements que integren la p\u00e0gina web (textos, gr\u00e0fics, fotografies, v\u00eddeos, colors, etc.), estructura, ordre, etc. En relaci\u00f3 a les marques i noms comercials (\u201csignes distintius\u201d) s\u00f3n titularitat de <strong>BUENO MORENO PENALISTES<\/strong>\u00a0o els llicenciats.<br \/>\nL\u2019\u00fas de la p\u00e0gina web per part de l\u2019Usuari no suposa la cessi\u00f3 de cap dret de propietat intel\u00b7lectual ni industrial. L\u2019Usuari t\u00e9 totalment prohibit reproduir, copiar, distribuir, posar a disposici\u00f3 o de qualsevol altra forma de comunicar p\u00fablicament, transformar o modificar els Continguts o els Signes distintius, llevat que es compti amb l\u2019autoritzaci\u00f3 del titular dels corresponents drets o aix\u00f2 resulti legalment perm\u00e8s.<\/p>\n<h3>7. Legislaci\u00f3 aplicable<\/h3>\n<p>L\u2019Av\u00eds Legal es regir\u00e0 i interpretar\u00e0 de conformitat amb la legislaci\u00f3 espanyola.<br \/>\nPer a la resoluci\u00f3 de qualsevol conflicte que pogu\u00e9s derivar de l\u2019acc\u00e9s al lloc web, se sotmetran als jutjats o tribunals pertinents de conformitat amb la normativa de consumidors i usuaris.<\/p>\n<h3>8. Contacte<\/h3>\n<p>Per a qualsevol pregunta o comentari sobre el present av\u00eds legal us podeu posar en contacte amb nosaltres a trav\u00e9s del correu electr\u00f2nic\u00a0<a href=\"mailto:laura@buenomorenopenalistes.com\">laura@buenomorenopenalistes.com<\/a><\/p>\n","protected":false},"excerpt":{"rendered":"<p>\u00a0AV\u00cdS LEGAL En compliment de la Llei 34\/2002, d\u201911 de juliol, de Serveis de la Societat de la Informaci\u00f3 i [&hellip;]<\/p>\n","protected":false},"author":1,"featured_media":0,"parent":0,"menu_order":0,"comment_status":"open","ping_status":"closed","template":"","meta":[],"yoast_head":"<!-- This site is optimized with the Yoast SEO plugin v15.8 - https:\/\/yoast.com\/wordpress\/plugins\/seo\/ -->\n<meta name=\"description\" content=\"BUENO MORENO PENALISTAS es una firma especializada en Derecho Penal profundamente comprometida con la excelencia.\" \/>\n<meta name=\"robots\" content=\"index, follow, max-snippet:-1, max-image-preview:large, max-video-preview:-1\" \/>\n<link rel=\"canonical\" href=\"http:\/\/buenomorenopenalistes.com\/ca\/avis-legal\/\" \/>\n<meta property=\"og:locale\" content=\"ca_ES\" \/>\n<meta property=\"og:type\" content=\"article\" \/>\n<meta property=\"og:title\" content=\"Bueno Moreno Penalistes \u00b7 Aviso Legal \u00b7 Derecho Penal Manresa\" \/>\n<meta property=\"og:description\" content=\"BUENO MORENO PENALISTAS es una firma especializada en Derecho Penal profundamente comprometida con la excelencia.\" \/>\n<meta property=\"og:url\" content=\"http:\/\/buenomorenopenalistes.com\/ca\/avis-legal\/\" \/>\n<meta property=\"og:site_name\" content=\"Bueno Moreno Penalistes\" \/>\n<meta property=\"article:modified_time\" content=\"2021-02-18T07:59:43+00:00\" \/>\n<meta name=\"twitter:card\" content=\"summary_large_image\" \/>\n<meta name=\"twitter:label1\" content=\"Temps estimat de lectura\">\n\t<meta name=\"twitter:data1\" content=\"6 minuts\">\n<script type=\"application\/ld+json\" class=\"yoast-schema-graph\">{\"@context\":\"https:\/\/schema.org\",\"@graph\":[{\"@type\":\"WebSite\",\"@id\":\"http:\/\/buenomorenopenalistes.com\/ca\/#website\",\"url\":\"http:\/\/buenomorenopenalistes.com\/ca\/\",\"name\":\"Bueno Moreno Penalistes\",\"description\":\"Firma especialitzada en Dret Penal profundament compromesa amb l\\u2019excel\\u00b7l\\u00e8ncia, l\\u2019esfor\\u00e7 i les persones.\",\"potentialAction\":[{\"@type\":\"SearchAction\",\"target\":\"http:\/\/buenomorenopenalistes.com\/ca\/?s={search_term_string}\",\"query-input\":\"required name=search_term_string\"}],\"inLanguage\":\"ca\"},{\"@type\":\"WebPage\",\"@id\":\"http:\/\/buenomorenopenalistes.com\/ca\/avis-legal\/#webpage\",\"url\":\"http:\/\/buenomorenopenalistes.com\/ca\/avis-legal\/\",\"name\":\"Bueno Moreno Penalistes \\u00b7 Aviso Legal \\u00b7 Derecho Penal Manresa\",\"isPartOf\":{\"@id\":\"http:\/\/buenomorenopenalistes.com\/ca\/#website\"},\"datePublished\":\"2015-01-19T02:46:48+00:00\",\"dateModified\":\"2021-02-18T07:59:43+00:00\",\"description\":\"BUENO MORENO PENALISTAS es una firma especializada en Derecho Penal profundamente comprometida con la excelencia.\",\"breadcrumb\":{\"@id\":\"http:\/\/buenomorenopenalistes.com\/ca\/avis-legal\/#breadcrumb\"},\"inLanguage\":\"ca\",\"potentialAction\":[{\"@type\":\"ReadAction\",\"target\":[\"http:\/\/buenomorenopenalistes.com\/ca\/avis-legal\/\"]}]},{\"@type\":\"BreadcrumbList\",\"@id\":\"http:\/\/buenomorenopenalistes.com\/ca\/avis-legal\/#breadcrumb\",\"itemListElement\":[{\"@type\":\"ListItem\",\"position\":1,\"item\":{\"@type\":\"WebPage\",\"@id\":\"http:\/\/buenomorenopenalistes.com\/ca\/\",\"url\":\"http:\/\/buenomorenopenalistes.com\/ca\/\",\"name\":\"Inici\"}},{\"@type\":\"ListItem\",\"position\":2,\"item\":{\"@type\":\"WebPage\",\"@id\":\"http:\/\/buenomorenopenalistes.com\/ca\/avis-legal\/\",\"url\":\"http:\/\/buenomorenopenalistes.com\/ca\/avis-legal\/\",\"name\":\"Av\\u00eds Legal\"}}]}]}<\/script>\n<!-- \/ Yoast SEO plugin. -->","_links":{"self":[{"href":"https:\/\/buenomorenopenalistes.com\/ca\/wp-json\/wp\/v2\/pages\/183"}],"collection":[{"href":"https:\/\/buenomorenopenalistes.com\/ca\/wp-json\/wp\/v2\/pages"}],"about":[{"href":"https:\/\/buenomorenopenalistes.com\/ca\/wp-json\/wp\/v2\/types\/page"}],"author":[{"embeddable":true,"href":"https:\/\/buenomorenopenalistes.com\/ca\/wp-json\/wp\/v2\/users\/1"}],"replies":[{"embeddable":true,"href":"https:\/\/buenomorenopenalistes.com\/ca\/wp-json\/wp\/v2\/comments?post=183"}],"version-history":[{"count":5,"href":"https:\/\/buenomorenopenalistes.com\/ca\/wp-json\/wp\/v2\/pages\/183\/revisions"}],"predecessor-version":[{"id":233,"href":"https:\/\/buenomorenopenalistes.com\/ca\/wp-json\/wp\/v2\/pages\/183\/revisions\/233"}],"wp:attachment":[{"href":"https:\/\/buenomorenopenalistes.com\/ca\/wp-json\/wp\/v2\/media?parent=183"}],"curies":[{"name":"wp","href":"https:\/\/api.w.org\/{rel}","templated":true}]}}